{"id":99,"date":"2024-12-18T15:39:03","date_gmt":"2024-12-18T14:39:03","guid":{"rendered":"https:\/\/tkgestion.com\/?page_id=99"},"modified":"2025-01-08T17:50:17","modified_gmt":"2025-01-08T16:50:17","slug":"social","status":"publish","type":"page","link":"https:\/\/tkgestion.com\/index.php\/social\/","title":{"rendered":"Social"},"content":{"rendered":"\n<div class=\"wp-block-cover alignfull is-light has-parallax\" style=\"padding-top:0px;padding-right:0;padding-bottom:0px;padding-left:0;min-height:400px;aspect-ratio:unset;\"><span aria-hidden=\"true\" class=\"wp-block-cover__background has-background-dim-0 has-background-dim\"><\/span><div class=\"wp-block-cover__image-background wp-image-41 has-parallax\" style=\"background-position:50% 50%;background-image:url(https:\/\/tkgestion.com\/wp-content\/uploads\/2024\/12\/ai-generated-8974297_1280.jpg)\"><\/div><div class=\"wp-block-cover__inner-container is-layout-flow wp-block-cover-is-layout-flow\">\n<div class=\"wp-block-columns are-vertically-aligned-center is-layout-flex wp-container-core-columns-is-layout-9d6595d7 wp-block-columns-is-layout-flex\">\n<div class=\"wp-block-column is-vertically-aligned-center is-layout-flow wp-block-column-is-layout-flow\">\n<div style=\"height:300px\" aria-hidden=\"true\" class=\"wp-block-spacer\"><\/div>\n<\/div>\n<\/div>\n\n\n\n<h2 class=\"wp-block-heading alignfull has-text-align-center has-text-color has-background has-link-color has-large-font-size wp-elements-bda91f8952a34521dd38daa6c52c0741\" style=\"border-style:none;border-width:0px;border-radius:0px;color:#e6ad40;background-color:#006278b0\">Votre partenaire en gestion, pour construire un avenir serein.<\/h2>\n<\/div><\/div>\n\n\n\n<div style=\"height:50px\" aria-hidden=\"true\" class=\"wp-block-spacer\"><\/div>\n\n\n\n<h2 class=\"wp-block-heading has-text-align-center\">Social<\/h2>\n\n\n\n<div style=\"height:15px\" aria-hidden=\"true\" class=\"wp-block-spacer\"><\/div>\n\n\n\n<p><strong>La gestion sociale et des salaires au Luxembourg : un accompagnement sur mesure avec TK Gestion<\/strong><\/p>\n\n\n\n<p><br>La <strong>gestion sociale<\/strong> et des <strong>salaires<\/strong> est un domaine complexe, particuli\u00e8rement dans le cadre l\u00e9gislatif en constante \u00e9volution du <strong>Luxembourg<\/strong>. Chez <strong>TK Gestion<\/strong>, nous vous offrons des comp\u00e9tences pointues et des solutions personnalis\u00e9es pour optimiser cet aspect essentiel de votre entreprise.<\/p>\n\n\n\n<h3 class=\"wp-block-heading has-text-align-center\"><strong>Nos services en gestion sociale et salariale<\/strong><\/h3>\n\n\n\n<div class=\"wp-block-media-text is-stacked-on-mobile\"><figure class=\"wp-block-media-text__media\"><img loading=\"lazy\" decoding=\"async\" width=\"614\" height=\"1024\" src=\"http:\/\/tkgestion.com\/wp-content\/uploads\/2024\/12\/ai-generated-9126721_1280-614x1024.jpg\" alt=\"\" class=\"wp-image-43 size-full\" srcset=\"https:\/\/tkgestion.com\/wp-content\/uploads\/2024\/12\/ai-generated-9126721_1280-614x1024.jpg 614w, https:\/\/tkgestion.com\/wp-content\/uploads\/2024\/12\/ai-generated-9126721_1280-180x300.jpg 180w, https:\/\/tkgestion.com\/wp-content\/uploads\/2024\/12\/ai-generated-9126721_1280.jpg 768w\" sizes=\"auto, (max-width: 614px) 100vw, 614px\" \/><\/figure><div class=\"wp-block-media-text__content\">\n<p><strong>\u00c9tablissement des fiches de paie<\/strong> :<\/p>\n\n\n\n<ul class=\"wp-block-list\">\n<li>Prise en charge compl\u00e8te de la pr\u00e9paration des <strong>fiches de paie<\/strong>, conformes aux r\u00e9glementations luxembourgeoises.<\/li>\n<\/ul>\n\n\n\n<p><strong>D\u00e9clarations sociales<\/strong> :<\/p>\n\n\n\n<ul class=\"wp-block-list\">\n<li>Gestion des cotisations sociales aupr\u00e8s des principales institutions, telles que la <strong>CNS<\/strong> et le <strong>CCSS<\/strong>.<\/li>\n<\/ul>\n\n\n\n<p><strong>Administration du personnel<\/strong> :<\/p>\n\n\n\n<ul class=\"wp-block-list\">\n<li>Suivi et gestion des <strong>contrats de travail<\/strong>.<\/li>\n\n\n\n<li>Gestion des entr\u00e9es et sorties des salari\u00e9s.<\/li>\n\n\n\n<li>\u00c9tablissement des certificats de travail.<\/li>\n<\/ul>\n\n\n\n<p><strong>Conseil en droit social<\/strong> :<\/p>\n\n\n\n<ul class=\"wp-block-list\">\n<li>Assistance sur les relations sociales.<\/li>\n\n\n\n<li>Conformit\u00e9 avec les obligations l\u00e9gales et les normes du <strong>droit du travail luxembourgeois<\/strong>.<\/li>\n<\/ul>\n\n\n\n<ol class=\"wp-block-list\"><\/ol>\n<\/div><\/div>\n\n\n\n<div style=\"height:15px\" aria-hidden=\"true\" class=\"wp-block-spacer\"><\/div>\n\n\n\n<h3 class=\"wp-block-heading\"><strong>Les avantages de choisir TK Gestion pour votre gestion sociale<\/strong><\/h3>\n\n\n\n<ul class=\"wp-block-list\">\n<li><strong>\u00c9vitez les erreurs co\u00fbteuses<\/strong> : Une gestion rigoureuse pour garantir la conformit\u00e9 de vos obligations sociales.<\/li>\n\n\n\n<li><strong>Optimisation des processus<\/strong> : Des solutions adapt\u00e9es \u00e0 vos besoins sp\u00e9cifiques pour gagner en efficacit\u00e9.<\/li>\n\n\n\n<li><strong>Gain de temps<\/strong> : D\u00e9l\u00e9guez vos t\u00e2ches administratives pour vous concentrer sur le d\u00e9veloppement de votre entreprise.<\/li>\n\n\n\n<li><strong>Accompagnement personnalis\u00e9<\/strong> : Un suivi adapt\u00e9 \u00e0 votre secteur et \u00e0 vos contraintes.<\/li>\n<\/ul>\n\n\n\n<h3 class=\"wp-block-heading\"><strong>Pourquoi TK Gestion ?<\/strong><\/h3>\n\n\n\n<p>Avec plus de <strong>15 ans d\u2019exp\u00e9rience<\/strong>, <strong>TK Gestion<\/strong> accompagne les entreprises au <strong>Luxembourg<\/strong> dans la gestion de leurs obligations sociales et salariales, en leur offrant des solutions fiables, transparentes et conformes \u00e0 la l\u00e9gislation en vigueur.<\/p>\n\n\n\n<p><strong>Contactez-nous d\u00e8s aujourd\u2019hui<\/strong> pour optimiser la gestion sociale de votre entreprise et b\u00e9n\u00e9ficier de conseils personnalis\u00e9s.<\/p>\n\n\n\n<div style=\"height:50px\" aria-hidden=\"true\" class=\"wp-block-spacer\"><\/div>\n\n\n\n<div class=\"wp-block-buttons is-content-justification-center is-layout-flex wp-container-core-buttons-is-layout-16018d1d wp-block-buttons-is-layout-flex\">\n<div class=\"wp-block-button\"><a class=\"wp-block-button__link has-text-color has-background has-link-color wp-element-button\" href=\"https:\/\/tkgestion.com\/\" style=\"color:#e6ad40;background-color:#006378\">Retour<\/a><\/div>\n<\/div>\n\n\n\n<div style=\"height:50px\" aria-hidden=\"true\" class=\"wp-block-spacer\"><\/div>\n","protected":false},"excerpt":{"rendered":"<p>Social La gestion sociale et des salaires au Luxembourg : un accompagnement sur mesure avec TK Gestion La gestion sociale et des salaires est un domaine complexe, particuli\u00e8rement dans le cadre l\u00e9gislatif en constante \u00e9volution du Luxembourg. Chez TK Gestion, nous vous offrons des comp\u00e9tences pointues et des solutions personnalis\u00e9es pour optimiser cet aspect essentiel&hellip;&nbsp;<a href=\"https:\/\/tkgestion.com\/index.php\/social\/\" rel=\"bookmark\">Read More &raquo;<span class=\"screen-reader-text\">Social<\/span><\/a><\/p>\n","protected":false},"author":1,"featured_media":0,"parent":0,"menu_order":0,"comment_status":"closed","ping_status":"closed","template":"","meta":{"neve_meta_sidebar":"","neve_meta_container":"","neve_meta_enable_content_width":"","neve_meta_content_width":0,"neve_meta_title_alignment":"","neve_meta_author_avatar":"","neve_post_elements_order":"","neve_meta_disable_header":"","neve_meta_disable_footer":"","neve_meta_disable_title":"on","footnotes":""},"class_list":["post-99","page","type-page","status-publish","hentry"],"yoast_head":"<!-- This site is optimized with the Yoast SEO plugin v27.3 - https:\/\/yoast.com\/product\/yoast-seo-wordpress\/ -->\n<title>Social - TK Gestion<\/title>\n<meta name=\"robots\" content=\"index, follow, max-snippet:-1, max-image-preview:large, max-video-preview:-1\" \/>\n<link rel=\"canonical\" href=\"https:\/\/tkgestion.com\/index.php\/social\/\" \/>\n<meta property=\"og:locale\" content=\"en_US\" \/>\n<meta property=\"og:type\" content=\"article\" \/>\n<meta property=\"og:title\" content=\"Social - TK Gestion\" \/>\n<meta property=\"og:description\" content=\"Social La gestion sociale et des salaires au Luxembourg : un accompagnement sur mesure avec TK Gestion La gestion sociale et des salaires est un domaine complexe, particuli\u00e8rement dans le cadre l\u00e9gislatif en constante \u00e9volution du Luxembourg. Chez TK Gestion, nous vous offrons des comp\u00e9tences pointues et des solutions personnalis\u00e9es pour optimiser cet aspect essentiel&hellip;&nbsp;Read More &raquo;Social\" \/>\n<meta property=\"og:url\" content=\"https:\/\/tkgestion.com\/index.php\/social\/\" \/>\n<meta property=\"og:site_name\" content=\"TK Gestion\" \/>\n<meta property=\"article:modified_time\" content=\"2025-01-08T16:50:17+00:00\" \/>\n<meta property=\"og:image\" content=\"https:\/\/tkgestion.com\/wp-content\/uploads\/2024\/12\/ai-generated-9126721_1280.jpg\" \/>\n\t<meta property=\"og:image:width\" content=\"768\" \/>\n\t<meta property=\"og:image:height\" content=\"1280\" \/>\n\t<meta property=\"og:image:type\" content=\"image\/jpeg\" \/>\n<meta name=\"twitter:card\" content=\"summary_large_image\" \/>\n<meta name=\"twitter:label1\" content=\"Est. reading time\" \/>\n\t<meta name=\"twitter:data1\" content=\"5 minutes\" \/>\n<script type=\"application\/ld+json\" class=\"yoast-schema-graph\">{\"@context\":\"https:\\\/\\\/schema.org\",\"@graph\":[{\"@type\":\"WebPage\",\"@id\":\"https:\\\/\\\/tkgestion.com\\\/index.php\\\/social\\\/\",\"url\":\"https:\\\/\\\/tkgestion.com\\\/index.php\\\/social\\\/\",\"name\":\"Social - TK Gestion\",\"isPartOf\":{\"@id\":\"https:\\\/\\\/tkgestion.com\\\/#website\"},\"primaryImageOfPage\":{\"@id\":\"https:\\\/\\\/tkgestion.com\\\/index.php\\\/social\\\/#primaryimage\"},\"image\":{\"@id\":\"https:\\\/\\\/tkgestion.com\\\/index.php\\\/social\\\/#primaryimage\"},\"thumbnailUrl\":\"http:\\\/\\\/tkgestion.com\\\/wp-content\\\/uploads\\\/2024\\\/12\\\/ai-generated-9126721_1280-614x1024.jpg\",\"datePublished\":\"2024-12-18T14:39:03+00:00\",\"dateModified\":\"2025-01-08T16:50:17+00:00\",\"breadcrumb\":{\"@id\":\"https:\\\/\\\/tkgestion.com\\\/index.php\\\/social\\\/#breadcrumb\"},\"inLanguage\":\"en-US\",\"potentialAction\":[{\"@type\":\"ReadAction\",\"target\":[\"https:\\\/\\\/tkgestion.com\\\/index.php\\\/social\\\/\"]}]},{\"@type\":\"ImageObject\",\"inLanguage\":\"en-US\",\"@id\":\"https:\\\/\\\/tkgestion.com\\\/index.php\\\/social\\\/#primaryimage\",\"url\":\"https:\\\/\\\/tkgestion.com\\\/wp-content\\\/uploads\\\/2024\\\/12\\\/ai-generated-9126721_1280.jpg\",\"contentUrl\":\"https:\\\/\\\/tkgestion.com\\\/wp-content\\\/uploads\\\/2024\\\/12\\\/ai-generated-9126721_1280.jpg\",\"width\":768,\"height\":1280},{\"@type\":\"BreadcrumbList\",\"@id\":\"https:\\\/\\\/tkgestion.com\\\/index.php\\\/social\\\/#breadcrumb\",\"itemListElement\":[{\"@type\":\"ListItem\",\"position\":1,\"name\":\"Accueil\",\"item\":\"https:\\\/\\\/tkgestion.com\\\/\"},{\"@type\":\"ListItem\",\"position\":2,\"name\":\"Social\"}]},{\"@type\":\"WebSite\",\"@id\":\"https:\\\/\\\/tkgestion.com\\\/#website\",\"url\":\"https:\\\/\\\/tkgestion.com\\\/\",\"name\":\"TK Gestion\",\"description\":\"Votre partenaire en gestion, pour construire un avenir serein.\",\"publisher\":{\"@id\":\"https:\\\/\\\/tkgestion.com\\\/#organization\"},\"potentialAction\":[{\"@type\":\"SearchAction\",\"target\":{\"@type\":\"EntryPoint\",\"urlTemplate\":\"https:\\\/\\\/tkgestion.com\\\/?s={search_term_string}\"},\"query-input\":{\"@type\":\"PropertyValueSpecification\",\"valueRequired\":true,\"valueName\":\"search_term_string\"}}],\"inLanguage\":\"en-US\"},{\"@type\":\"Organization\",\"@id\":\"https:\\\/\\\/tkgestion.com\\\/#organization\",\"name\":\"TK Gestion S.\u00e0 r.l.\",\"url\":\"https:\\\/\\\/tkgestion.com\\\/\",\"logo\":{\"@type\":\"ImageObject\",\"inLanguage\":\"en-US\",\"@id\":\"https:\\\/\\\/tkgestion.com\\\/#\\\/schema\\\/logo\\\/image\\\/\",\"url\":\"https:\\\/\\\/tkgestion.com\\\/wp-content\\\/uploads\\\/2024\\\/12\\\/Logo_TK_Improved.png\",\"contentUrl\":\"https:\\\/\\\/tkgestion.com\\\/wp-content\\\/uploads\\\/2024\\\/12\\\/Logo_TK_Improved.png\",\"width\":236,\"height\":222,\"caption\":\"TK Gestion S.\u00e0 r.l.\"},\"image\":{\"@id\":\"https:\\\/\\\/tkgestion.com\\\/#\\\/schema\\\/logo\\\/image\\\/\"}}]}<\/script>\n<!-- \/ Yoast SEO plugin. -->","yoast_head_json":{"title":"Social - TK Gestion","robots":{"index":"index","follow":"follow","max-snippet":"max-snippet:-1","max-image-preview":"max-image-preview:large","max-video-preview":"max-video-preview:-1"},"canonical":"https:\/\/tkgestion.com\/index.php\/social\/","og_locale":"en_US","og_type":"article","og_title":"Social - TK Gestion","og_description":"Social La gestion sociale et des salaires au Luxembourg : un accompagnement sur mesure avec TK Gestion La gestion sociale et des salaires est un domaine complexe, particuli\u00e8rement dans le cadre l\u00e9gislatif en constante \u00e9volution du Luxembourg. Chez TK Gestion, nous vous offrons des comp\u00e9tences pointues et des solutions personnalis\u00e9es pour optimiser cet aspect essentiel&hellip;&nbsp;Read More &raquo;Social","og_url":"https:\/\/tkgestion.com\/index.php\/social\/","og_site_name":"TK Gestion","article_modified_time":"2025-01-08T16:50:17+00:00","og_image":[{"width":768,"height":1280,"url":"https:\/\/tkgestion.com\/wp-content\/uploads\/2024\/12\/ai-generated-9126721_1280.jpg","type":"image\/jpeg"}],"twitter_card":"summary_large_image","twitter_misc":{"Est. reading time":"5 minutes"},"schema":{"@context":"https:\/\/schema.org","@graph":[{"@type":"WebPage","@id":"https:\/\/tkgestion.com\/index.php\/social\/","url":"https:\/\/tkgestion.com\/index.php\/social\/","name":"Social - TK Gestion","isPartOf":{"@id":"https:\/\/tkgestion.com\/#website"},"primaryImageOfPage":{"@id":"https:\/\/tkgestion.com\/index.php\/social\/#primaryimage"},"image":{"@id":"https:\/\/tkgestion.com\/index.php\/social\/#primaryimage"},"thumbnailUrl":"http:\/\/tkgestion.com\/wp-content\/uploads\/2024\/12\/ai-generated-9126721_1280-614x1024.jpg","datePublished":"2024-12-18T14:39:03+00:00","dateModified":"2025-01-08T16:50:17+00:00","breadcrumb":{"@id":"https:\/\/tkgestion.com\/index.php\/social\/#breadcrumb"},"inLanguage":"en-US","potentialAction":[{"@type":"ReadAction","target":["https:\/\/tkgestion.com\/index.php\/social\/"]}]},{"@type":"ImageObject","inLanguage":"en-US","@id":"https:\/\/tkgestion.com\/index.php\/social\/#primaryimage","url":"https:\/\/tkgestion.com\/wp-content\/uploads\/2024\/12\/ai-generated-9126721_1280.jpg","contentUrl":"https:\/\/tkgestion.com\/wp-content\/uploads\/2024\/12\/ai-generated-9126721_1280.jpg","width":768,"height":1280},{"@type":"BreadcrumbList","@id":"https:\/\/tkgestion.com\/index.php\/social\/#breadcrumb","itemListElement":[{"@type":"ListItem","position":1,"name":"Accueil","item":"https:\/\/tkgestion.com\/"},{"@type":"ListItem","position":2,"name":"Social"}]},{"@type":"WebSite","@id":"https:\/\/tkgestion.com\/#website","url":"https:\/\/tkgestion.com\/","name":"TK Gestion","description":"Votre partenaire en gestion, pour construire un avenir serein.","publisher":{"@id":"https:\/\/tkgestion.com\/#organization"},"potentialAction":[{"@type":"SearchAction","target":{"@type":"EntryPoint","urlTemplate":"https:\/\/tkgestion.com\/?s={search_term_string}"},"query-input":{"@type":"PropertyValueSpecification","valueRequired":true,"valueName":"search_term_string"}}],"inLanguage":"en-US"},{"@type":"Organization","@id":"https:\/\/tkgestion.com\/#organization","name":"TK Gestion S.\u00e0 r.l.","url":"https:\/\/tkgestion.com\/","logo":{"@type":"ImageObject","inLanguage":"en-US","@id":"https:\/\/tkgestion.com\/#\/schema\/logo\/image\/","url":"https:\/\/tkgestion.com\/wp-content\/uploads\/2024\/12\/Logo_TK_Improved.png","contentUrl":"https:\/\/tkgestion.com\/wp-content\/uploads\/2024\/12\/Logo_TK_Improved.png","width":236,"height":222,"caption":"TK Gestion S.\u00e0 r.l."},"image":{"@id":"https:\/\/tkgestion.com\/#\/schema\/logo\/image\/"}}]}},"_links":{"self":[{"href":"https:\/\/tkgestion.com\/index.php\/wp-json\/wp\/v2\/pages\/99","targetHints":{"allow":["GET"]}}],"collection":[{"href":"https:\/\/tkgestion.com\/index.php\/wp-json\/wp\/v2\/pages"}],"about":[{"href":"https:\/\/tkgestion.com\/index.php\/wp-json\/wp\/v2\/types\/page"}],"author":[{"embeddable":true,"href":"https:\/\/tkgestion.com\/index.php\/wp-json\/wp\/v2\/users\/1"}],"replies":[{"embeddable":true,"href":"https:\/\/tkgestion.com\/index.php\/wp-json\/wp\/v2\/comments?post=99"}],"version-history":[{"count":7,"href":"https:\/\/tkgestion.com\/index.php\/wp-json\/wp\/v2\/pages\/99\/revisions"}],"predecessor-version":[{"id":206,"href":"https:\/\/tkgestion.com\/index.php\/wp-json\/wp\/v2\/pages\/99\/revisions\/206"}],"wp:attachment":[{"href":"https:\/\/tkgestion.com\/index.php\/wp-json\/wp\/v2\/media?parent=99"}],"curies":[{"name":"wp","href":"https:\/\/api.w.org\/{rel}","templated":true}]}}