{"id":89,"date":"2024-12-18T15:31:50","date_gmt":"2024-12-18T14:31:50","guid":{"rendered":"https:\/\/tkgestion.com\/?page_id=89"},"modified":"2025-01-08T17:51:44","modified_gmt":"2025-01-08T16:51:44","slug":"comptabilite","status":"publish","type":"page","link":"https:\/\/tkgestion.com\/index.php\/comptabilite\/","title":{"rendered":"Comptabilit\u00e9"},"content":{"rendered":"\n<div class=\"wp-block-cover alignfull is-light has-parallax\" style=\"padding-top:0px;padding-right:0;padding-bottom:0px;padding-left:0;min-height:400px;aspect-ratio:unset;\"><span aria-hidden=\"true\" class=\"wp-block-cover__background has-background-dim-0 has-background-dim\"><\/span><div class=\"wp-block-cover__image-background wp-image-41 has-parallax\" style=\"background-position:50% 50%;background-image:url(https:\/\/tkgestion.com\/wp-content\/uploads\/2024\/12\/ai-generated-8974297_1280.jpg)\"><\/div><div class=\"wp-block-cover__inner-container is-layout-flow wp-block-cover-is-layout-flow\">\n<div class=\"wp-block-columns are-vertically-aligned-center is-layout-flex wp-container-core-columns-is-layout-9d6595d7 wp-block-columns-is-layout-flex\">\n<div class=\"wp-block-column is-vertically-aligned-center is-layout-flow wp-block-column-is-layout-flow\">\n<div style=\"height:300px\" aria-hidden=\"true\" class=\"wp-block-spacer\"><\/div>\n<\/div>\n<\/div>\n\n\n\n<h2 class=\"wp-block-heading alignfull has-text-align-center has-text-color has-background has-link-color has-large-font-size wp-elements-bda91f8952a34521dd38daa6c52c0741\" style=\"border-style:none;border-width:0px;border-radius:0px;color:#e6ad40;background-color:#006278b0\">Votre partenaire en gestion, pour construire un avenir serein.<\/h2>\n<\/div><\/div>\n\n\n\n<div style=\"height:50px\" aria-hidden=\"true\" class=\"wp-block-spacer\"><\/div>\n\n\n\n<h2 class=\"wp-block-heading has-text-align-center\"><strong>Comptabilit\u00e9<\/strong><\/h2>\n\n\n\n<div style=\"height:15px\" aria-hidden=\"true\" class=\"wp-block-spacer\"><\/div>\n\n\n\n<p><strong>Chez TK Gestion<\/strong>, nous comprenons que la <strong>gestion comptable<\/strong> est un pilier essentiel pour toute entreprise ou organisation, mais qu\u2019elle peut rapidement devenir chronophage et complexe. C\u2019est pourquoi nous proposons des <strong>solutions comptables compl\u00e8tes<\/strong> et adapt\u00e9es au <strong>cadre l\u00e9gal luxembourgeois<\/strong>, afin de simplifier vos d\u00e9marches et de garantir votre tranquillit\u00e9 d\u2019esprit.<\/p>\n\n\n\n<h3 class=\"wp-block-heading has-text-align-center\"><strong>Nos services de gestion comptable<\/strong><\/h3>\n\n\n\n<div class=\"wp-block-media-text is-stacked-on-mobile\"><figure class=\"wp-block-media-text__media\"><img loading=\"lazy\" decoding=\"async\" width=\"682\" height=\"1024\" src=\"http:\/\/tkgestion.com\/wp-content\/uploads\/2024\/12\/ai-generated-9126704_1280-682x1024.jpg\" alt=\"\" class=\"wp-image-46 size-full\" srcset=\"https:\/\/tkgestion.com\/wp-content\/uploads\/2024\/12\/ai-generated-9126704_1280-682x1024.jpg 682w, https:\/\/tkgestion.com\/wp-content\/uploads\/2024\/12\/ai-generated-9126704_1280-200x300.jpg 200w, https:\/\/tkgestion.com\/wp-content\/uploads\/2024\/12\/ai-generated-9126704_1280-768x1152.jpg 768w, https:\/\/tkgestion.com\/wp-content\/uploads\/2024\/12\/ai-generated-9126704_1280.jpg 853w\" sizes=\"auto, (max-width: 682px) 100vw, 682px\" \/><\/figure><div class=\"wp-block-media-text__content\">\n<ul class=\"wp-block-list\">\n<li><strong>Tenue de la comptabilit\u00e9 quotidienne<\/strong> :\n<ul class=\"wp-block-list\">\n<li>Saisie des \u00e9critures comptables.<\/li>\n\n\n\n<li>Rapprochements bancaires.<\/li>\n\n\n\n<li>Suivi des immobilisations.<\/li>\n<\/ul>\n<\/li>\n\n\n\n<li><strong>Bilan annuel et comptes de r\u00e9sultat<\/strong> :\n<ul class=\"wp-block-list\">\n<li>\u00c9tablissement des documents financiers.<\/li>\n\n\n\n<li>Conformit\u00e9 avec les normes comptables luxembourgeoises.<\/li>\n<\/ul>\n<\/li>\n\n\n\n<li><strong>Reporting et analyse financi\u00e8re<\/strong> :\n<ul class=\"wp-block-list\">\n<li>Cr\u00e9ation d\u2019outils de suivi personnalis\u00e9s.<\/li>\n\n\n\n<li>Analyse de vos performances pour des d\u00e9cisions strat\u00e9giques \u00e9clair\u00e9es.<\/li>\n<\/ul>\n<\/li>\n\n\n\n<li><strong>Conformit\u00e9 et audits internes<\/strong> :\n<ul class=\"wp-block-list\">\n<li>V\u00e9rification des proc\u00e9dures pour r\u00e9pondre aux obligations l\u00e9gales et r\u00e9glementaires sp\u00e9cifiques au Luxembourg.<\/li>\n<\/ul>\n<\/li>\n<\/ul>\n<\/div><\/div>\n\n\n\n<div style=\"height:15px\" aria-hidden=\"true\" class=\"wp-block-spacer\"><\/div>\n\n\n\n<h3 class=\"wp-block-heading\"><strong>Pourquoi choisir TK Gestion pour votre gestion comptable ?<\/strong><\/h3>\n\n\n\n<ul class=\"wp-block-list\">\n<li><strong>Optimisation de la gestion comptable<\/strong> :<br>\u00c9vitez les erreurs co\u00fbteuses gr\u00e2ce \u00e0 un suivi pr\u00e9cis et professionnel.<\/li>\n\n\n\n<li><strong>Conformit\u00e9 garantie<\/strong> :<br>Respectez toutes les obligations comptables et l\u00e9gales du Luxembourg.<\/li>\n\n\n\n<li><strong>Vision claire de votre situation financi\u00e8re<\/strong> :<br>Prenez des d\u00e9cisions strat\u00e9giques gr\u00e2ce \u00e0 des analyses et rapports d\u00e9taill\u00e9s.<\/li>\n\n\n\n<li><strong>Gain de temps<\/strong> :<br>Concentrez-vous sur votre c\u0153ur de m\u00e9tier pendant que nous g\u00e9rons vos obligations administratives.<\/li>\n<\/ul>\n\n\n\n<h3 class=\"wp-block-heading\"><strong>Une gestion comptable sur mesure pour votre entreprise<\/strong><\/h3>\n\n\n\n<p>Notre \u00e9quipe d\u2019experts en <strong>comptabilit\u00e9 luxembourgeoise<\/strong> vous accompagne \u00e0 chaque \u00e9tape pour optimiser vos processus financiers tout en respectant la r\u00e9glementation en vigueur.<\/p>\n\n\n\n<p><strong>Contactez TK Gestion d\u00e8s aujourd\u2019hui<\/strong> pour b\u00e9n\u00e9ficier d\u2019une expertise comptable adapt\u00e9e \u00e0 vos besoins et d\u00e9velopper votre entreprise sereinement.<\/p>\n\n\n\n<div style=\"height:50px\" aria-hidden=\"true\" class=\"wp-block-spacer\"><\/div>\n\n\n\n<div class=\"wp-block-buttons is-content-justification-center is-layout-flex wp-container-core-buttons-is-layout-16018d1d wp-block-buttons-is-layout-flex\">\n<div class=\"wp-block-button\"><a class=\"wp-block-button__link has-text-color has-background has-link-color wp-element-button\" href=\"https:\/\/tkgestion.com\/\" style=\"color:#e6ad40;background-color:#006378\">Retour<\/a><\/div>\n<\/div>\n\n\n\n<div style=\"height:50px\" aria-hidden=\"true\" class=\"wp-block-spacer\"><\/div>\n","protected":false},"excerpt":{"rendered":"<p>Comptabilit\u00e9 Chez TK Gestion, nous comprenons que la gestion comptable est un pilier essentiel pour toute entreprise ou organisation, mais qu\u2019elle peut rapidement devenir chronophage et complexe. C\u2019est pourquoi nous proposons des solutions comptables compl\u00e8tes et adapt\u00e9es au cadre l\u00e9gal luxembourgeois, afin de simplifier vos d\u00e9marches et de garantir votre tranquillit\u00e9 d\u2019esprit. Nos services de&hellip;&nbsp;<a href=\"https:\/\/tkgestion.com\/index.php\/comptabilite\/\" rel=\"bookmark\">Read More &raquo;<span class=\"screen-reader-text\">Comptabilit\u00e9<\/span><\/a><\/p>\n","protected":false},"author":1,"featured_media":0,"parent":0,"menu_order":0,"comment_status":"closed","ping_status":"closed","template":"","meta":{"neve_meta_sidebar":"","neve_meta_container":"","neve_meta_enable_content_width":"","neve_meta_content_width":0,"neve_meta_title_alignment":"","neve_meta_author_avatar":"","neve_post_elements_order":"","neve_meta_disable_header":"off","neve_meta_disable_footer":"","neve_meta_disable_title":"on","footnotes":""},"class_list":["post-89","page","type-page","status-publish","hentry"],"yoast_head":"<!-- This site is optimized with the Yoast SEO plugin v27.3 - https:\/\/yoast.com\/product\/yoast-seo-wordpress\/ -->\n<title>Comptabilit\u00e9 - TK Gestion<\/title>\n<meta name=\"robots\" content=\"index, follow, max-snippet:-1, max-image-preview:large, max-video-preview:-1\" \/>\n<link rel=\"canonical\" href=\"https:\/\/tkgestion.com\/index.php\/comptabilite\/\" \/>\n<meta property=\"og:locale\" content=\"en_US\" \/>\n<meta property=\"og:type\" content=\"article\" \/>\n<meta property=\"og:title\" content=\"Comptabilit\u00e9 - TK Gestion\" \/>\n<meta property=\"og:description\" content=\"Comptabilit\u00e9 Chez TK Gestion, nous comprenons que la gestion comptable est un pilier essentiel pour toute entreprise ou organisation, mais qu\u2019elle peut rapidement devenir chronophage et complexe. C\u2019est pourquoi nous proposons des solutions comptables compl\u00e8tes et adapt\u00e9es au cadre l\u00e9gal luxembourgeois, afin de simplifier vos d\u00e9marches et de garantir votre tranquillit\u00e9 d\u2019esprit. Nos services de&hellip;&nbsp;Read More &raquo;Comptabilit\u00e9\" \/>\n<meta property=\"og:url\" content=\"https:\/\/tkgestion.com\/index.php\/comptabilite\/\" \/>\n<meta property=\"og:site_name\" content=\"TK Gestion\" \/>\n<meta property=\"article:modified_time\" content=\"2025-01-08T16:51:44+00:00\" \/>\n<meta property=\"og:image\" content=\"https:\/\/tkgestion.com\/wp-content\/uploads\/2024\/12\/ai-generated-9126704_1280.jpg\" \/>\n\t<meta property=\"og:image:width\" content=\"853\" \/>\n\t<meta property=\"og:image:height\" content=\"1280\" \/>\n\t<meta property=\"og:image:type\" content=\"image\/jpeg\" \/>\n<meta name=\"twitter:card\" content=\"summary_large_image\" \/>\n<meta name=\"twitter:label1\" content=\"Est. reading time\" \/>\n\t<meta name=\"twitter:data1\" content=\"2 minutes\" \/>\n<script type=\"application\/ld+json\" class=\"yoast-schema-graph\">{\"@context\":\"https:\\\/\\\/schema.org\",\"@graph\":[{\"@type\":\"WebPage\",\"@id\":\"https:\\\/\\\/tkgestion.com\\\/index.php\\\/comptabilite\\\/\",\"url\":\"https:\\\/\\\/tkgestion.com\\\/index.php\\\/comptabilite\\\/\",\"name\":\"Comptabilit\u00e9 - TK Gestion\",\"isPartOf\":{\"@id\":\"https:\\\/\\\/tkgestion.com\\\/#website\"},\"primaryImageOfPage\":{\"@id\":\"https:\\\/\\\/tkgestion.com\\\/index.php\\\/comptabilite\\\/#primaryimage\"},\"image\":{\"@id\":\"https:\\\/\\\/tkgestion.com\\\/index.php\\\/comptabilite\\\/#primaryimage\"},\"thumbnailUrl\":\"http:\\\/\\\/tkgestion.com\\\/wp-content\\\/uploads\\\/2024\\\/12\\\/ai-generated-9126704_1280-682x1024.jpg\",\"datePublished\":\"2024-12-18T14:31:50+00:00\",\"dateModified\":\"2025-01-08T16:51:44+00:00\",\"breadcrumb\":{\"@id\":\"https:\\\/\\\/tkgestion.com\\\/index.php\\\/comptabilite\\\/#breadcrumb\"},\"inLanguage\":\"en-US\",\"potentialAction\":[{\"@type\":\"ReadAction\",\"target\":[\"https:\\\/\\\/tkgestion.com\\\/index.php\\\/comptabilite\\\/\"]}]},{\"@type\":\"ImageObject\",\"inLanguage\":\"en-US\",\"@id\":\"https:\\\/\\\/tkgestion.com\\\/index.php\\\/comptabilite\\\/#primaryimage\",\"url\":\"https:\\\/\\\/tkgestion.com\\\/wp-content\\\/uploads\\\/2024\\\/12\\\/ai-generated-9126704_1280.jpg\",\"contentUrl\":\"https:\\\/\\\/tkgestion.com\\\/wp-content\\\/uploads\\\/2024\\\/12\\\/ai-generated-9126704_1280.jpg\",\"width\":853,\"height\":1280,\"caption\":\"D\u00e9couvrez TK Gestion, votre partenaire pour des solutions comptables, fiscales et sociales adapt\u00e9es au Luxembourg. Expertise, rigueur et innovation \u00e0 votre service depuis 2022\"},{\"@type\":\"BreadcrumbList\",\"@id\":\"https:\\\/\\\/tkgestion.com\\\/index.php\\\/comptabilite\\\/#breadcrumb\",\"itemListElement\":[{\"@type\":\"ListItem\",\"position\":1,\"name\":\"Accueil\",\"item\":\"https:\\\/\\\/tkgestion.com\\\/\"},{\"@type\":\"ListItem\",\"position\":2,\"name\":\"Comptabilit\u00e9\"}]},{\"@type\":\"WebSite\",\"@id\":\"https:\\\/\\\/tkgestion.com\\\/#website\",\"url\":\"https:\\\/\\\/tkgestion.com\\\/\",\"name\":\"TK Gestion\",\"description\":\"Votre partenaire en gestion, pour construire un avenir serein.\",\"publisher\":{\"@id\":\"https:\\\/\\\/tkgestion.com\\\/#organization\"},\"potentialAction\":[{\"@type\":\"SearchAction\",\"target\":{\"@type\":\"EntryPoint\",\"urlTemplate\":\"https:\\\/\\\/tkgestion.com\\\/?s={search_term_string}\"},\"query-input\":{\"@type\":\"PropertyValueSpecification\",\"valueRequired\":true,\"valueName\":\"search_term_string\"}}],\"inLanguage\":\"en-US\"},{\"@type\":\"Organization\",\"@id\":\"https:\\\/\\\/tkgestion.com\\\/#organization\",\"name\":\"TK Gestion S.\u00e0 r.l.\",\"url\":\"https:\\\/\\\/tkgestion.com\\\/\",\"logo\":{\"@type\":\"ImageObject\",\"inLanguage\":\"en-US\",\"@id\":\"https:\\\/\\\/tkgestion.com\\\/#\\\/schema\\\/logo\\\/image\\\/\",\"url\":\"https:\\\/\\\/tkgestion.com\\\/wp-content\\\/uploads\\\/2024\\\/12\\\/Logo_TK_Improved.png\",\"contentUrl\":\"https:\\\/\\\/tkgestion.com\\\/wp-content\\\/uploads\\\/2024\\\/12\\\/Logo_TK_Improved.png\",\"width\":236,\"height\":222,\"caption\":\"TK Gestion S.\u00e0 r.l.\"},\"image\":{\"@id\":\"https:\\\/\\\/tkgestion.com\\\/#\\\/schema\\\/logo\\\/image\\\/\"}}]}<\/script>\n<!-- \/ Yoast SEO plugin. -->","yoast_head_json":{"title":"Comptabilit\u00e9 - TK Gestion","robots":{"index":"index","follow":"follow","max-snippet":"max-snippet:-1","max-image-preview":"max-image-preview:large","max-video-preview":"max-video-preview:-1"},"canonical":"https:\/\/tkgestion.com\/index.php\/comptabilite\/","og_locale":"en_US","og_type":"article","og_title":"Comptabilit\u00e9 - TK Gestion","og_description":"Comptabilit\u00e9 Chez TK Gestion, nous comprenons que la gestion comptable est un pilier essentiel pour toute entreprise ou organisation, mais qu\u2019elle peut rapidement devenir chronophage et complexe. C\u2019est pourquoi nous proposons des solutions comptables compl\u00e8tes et adapt\u00e9es au cadre l\u00e9gal luxembourgeois, afin de simplifier vos d\u00e9marches et de garantir votre tranquillit\u00e9 d\u2019esprit. Nos services de&hellip;&nbsp;Read More &raquo;Comptabilit\u00e9","og_url":"https:\/\/tkgestion.com\/index.php\/comptabilite\/","og_site_name":"TK Gestion","article_modified_time":"2025-01-08T16:51:44+00:00","og_image":[{"width":853,"height":1280,"url":"https:\/\/tkgestion.com\/wp-content\/uploads\/2024\/12\/ai-generated-9126704_1280.jpg","type":"image\/jpeg"}],"twitter_card":"summary_large_image","twitter_misc":{"Est. reading time":"2 minutes"},"schema":{"@context":"https:\/\/schema.org","@graph":[{"@type":"WebPage","@id":"https:\/\/tkgestion.com\/index.php\/comptabilite\/","url":"https:\/\/tkgestion.com\/index.php\/comptabilite\/","name":"Comptabilit\u00e9 - TK Gestion","isPartOf":{"@id":"https:\/\/tkgestion.com\/#website"},"primaryImageOfPage":{"@id":"https:\/\/tkgestion.com\/index.php\/comptabilite\/#primaryimage"},"image":{"@id":"https:\/\/tkgestion.com\/index.php\/comptabilite\/#primaryimage"},"thumbnailUrl":"http:\/\/tkgestion.com\/wp-content\/uploads\/2024\/12\/ai-generated-9126704_1280-682x1024.jpg","datePublished":"2024-12-18T14:31:50+00:00","dateModified":"2025-01-08T16:51:44+00:00","breadcrumb":{"@id":"https:\/\/tkgestion.com\/index.php\/comptabilite\/#breadcrumb"},"inLanguage":"en-US","potentialAction":[{"@type":"ReadAction","target":["https:\/\/tkgestion.com\/index.php\/comptabilite\/"]}]},{"@type":"ImageObject","inLanguage":"en-US","@id":"https:\/\/tkgestion.com\/index.php\/comptabilite\/#primaryimage","url":"https:\/\/tkgestion.com\/wp-content\/uploads\/2024\/12\/ai-generated-9126704_1280.jpg","contentUrl":"https:\/\/tkgestion.com\/wp-content\/uploads\/2024\/12\/ai-generated-9126704_1280.jpg","width":853,"height":1280,"caption":"D\u00e9couvrez TK Gestion, votre partenaire pour des solutions comptables, fiscales et sociales adapt\u00e9es au Luxembourg. Expertise, rigueur et innovation \u00e0 votre service depuis 2022"},{"@type":"BreadcrumbList","@id":"https:\/\/tkgestion.com\/index.php\/comptabilite\/#breadcrumb","itemListElement":[{"@type":"ListItem","position":1,"name":"Accueil","item":"https:\/\/tkgestion.com\/"},{"@type":"ListItem","position":2,"name":"Comptabilit\u00e9"}]},{"@type":"WebSite","@id":"https:\/\/tkgestion.com\/#website","url":"https:\/\/tkgestion.com\/","name":"TK Gestion","description":"Votre partenaire en gestion, pour construire un avenir serein.","publisher":{"@id":"https:\/\/tkgestion.com\/#organization"},"potentialAction":[{"@type":"SearchAction","target":{"@type":"EntryPoint","urlTemplate":"https:\/\/tkgestion.com\/?s={search_term_string}"},"query-input":{"@type":"PropertyValueSpecification","valueRequired":true,"valueName":"search_term_string"}}],"inLanguage":"en-US"},{"@type":"Organization","@id":"https:\/\/tkgestion.com\/#organization","name":"TK Gestion S.\u00e0 r.l.","url":"https:\/\/tkgestion.com\/","logo":{"@type":"ImageObject","inLanguage":"en-US","@id":"https:\/\/tkgestion.com\/#\/schema\/logo\/image\/","url":"https:\/\/tkgestion.com\/wp-content\/uploads\/2024\/12\/Logo_TK_Improved.png","contentUrl":"https:\/\/tkgestion.com\/wp-content\/uploads\/2024\/12\/Logo_TK_Improved.png","width":236,"height":222,"caption":"TK Gestion S.\u00e0 r.l."},"image":{"@id":"https:\/\/tkgestion.com\/#\/schema\/logo\/image\/"}}]}},"_links":{"self":[{"href":"https:\/\/tkgestion.com\/index.php\/wp-json\/wp\/v2\/pages\/89","targetHints":{"allow":["GET"]}}],"collection":[{"href":"https:\/\/tkgestion.com\/index.php\/wp-json\/wp\/v2\/pages"}],"about":[{"href":"https:\/\/tkgestion.com\/index.php\/wp-json\/wp\/v2\/types\/page"}],"author":[{"embeddable":true,"href":"https:\/\/tkgestion.com\/index.php\/wp-json\/wp\/v2\/users\/1"}],"replies":[{"embeddable":true,"href":"https:\/\/tkgestion.com\/index.php\/wp-json\/wp\/v2\/comments?post=89"}],"version-history":[{"count":9,"href":"https:\/\/tkgestion.com\/index.php\/wp-json\/wp\/v2\/pages\/89\/revisions"}],"predecessor-version":[{"id":207,"href":"https:\/\/tkgestion.com\/index.php\/wp-json\/wp\/v2\/pages\/89\/revisions\/207"}],"wp:attachment":[{"href":"https:\/\/tkgestion.com\/index.php\/wp-json\/wp\/v2\/media?parent=89"}],"curies":[{"name":"wp","href":"https:\/\/api.w.org\/{rel}","templated":true}]}}