{"id":145,"date":"2024-12-18T16:30:37","date_gmt":"2024-12-18T15:30:37","guid":{"rendered":"https:\/\/tkgestion.com\/?page_id=145"},"modified":"2024-12-23T17:55:09","modified_gmt":"2024-12-23T16:55:09","slug":"contact","status":"publish","type":"page","link":"https:\/\/tkgestion.com\/index.php\/contact\/","title":{"rendered":"Contact"},"content":{"rendered":"\n<div class=\"wp-block-cover alignfull is-light has-parallax\" style=\"padding-top:0px;padding-right:0;padding-bottom:0px;padding-left:0;min-height:400px;aspect-ratio:unset;\"><span aria-hidden=\"true\" class=\"wp-block-cover__background has-background-dim-0 has-background-dim\"><\/span><div class=\"wp-block-cover__image-background wp-image-41 has-parallax\" style=\"background-position:50% 50%;background-image:url(https:\/\/tkgestion.com\/wp-content\/uploads\/2024\/12\/ai-generated-8974297_1280.jpg)\"><\/div><div class=\"wp-block-cover__inner-container is-layout-flow wp-block-cover-is-layout-flow\">\n<div class=\"wp-block-columns are-vertically-aligned-center is-layout-flex wp-container-core-columns-is-layout-9d6595d7 wp-block-columns-is-layout-flex\">\n<div class=\"wp-block-column is-vertically-aligned-center is-layout-flow wp-block-column-is-layout-flow\">\n<div style=\"height:300px\" aria-hidden=\"true\" class=\"wp-block-spacer\"><\/div>\n<\/div>\n<\/div>\n\n\n\n<h2 class=\"wp-block-heading alignfull has-text-align-center has-text-color has-background has-link-color has-large-font-size wp-elements-bda91f8952a34521dd38daa6c52c0741\" style=\"border-style:none;border-width:0px;border-radius:0px;color:#e6ad40;background-color:#006278b0\">Votre partenaire en gestion, pour construire un avenir serein.<\/h2>\n<\/div><\/div>\n\n\n\n<div style=\"height:50px\" aria-hidden=\"true\" class=\"wp-block-spacer\"><\/div>\n\n\n\n<h3 class=\"wp-block-heading has-text-align-center\"><strong>Une question ou un projet ? Contactez TK Gestion d\u00e8s aujourd\u2019hui<\/strong><\/h3>\n\n\n\n<p class=\"has-text-align-center\">Vous avez un projet ou besoin d\u2019un conseil ? <strong>TK Gestion<\/strong> est \u00e0 votre \u00e9coute. Contactez-nous pour discuter de vos besoins et b\u00e9n\u00e9ficier d\u2019un accompagnement personnalis\u00e9, adapt\u00e9 \u00e0 vos objectifs.<\/p>\n\n\n\n<div style=\"height:50px\" aria-hidden=\"true\" class=\"wp-block-spacer\"><\/div>\n\n\n<div class=\"frm_forms  with_frm_style frm_style_style-formidable\" id=\"frm_form_1_container\" >\n<form enctype=\"multipart\/form-data\" method=\"post\" class=\"frm-show-form \" id=\"form_contact-form\" >\n<div class=\"frm_form_fields \">\n<fieldset>\n<legend class=\"frm_screen_reader\">Contact SiteWeb TK Gestion<\/legend>\r\n\r\n<div class=\"frm_fields_container\">\n<input type=\"hidden\" name=\"frm_action\" value=\"create\" \/>\n<input type=\"hidden\" name=\"form_id\" value=\"1\" \/>\n<input type=\"hidden\" name=\"frm_hide_fields_1\" id=\"frm_hide_fields_1\" value=\"\" \/>\n<input type=\"hidden\" name=\"form_key\" value=\"contact-form\" \/>\n<input type=\"hidden\" name=\"item_meta[0]\" value=\"\" \/>\n<input type=\"hidden\" id=\"frm_submit_entry_1\" name=\"frm_submit_entry_1\" value=\"66d115259a\" \/><input type=\"hidden\" name=\"_wp_http_referer\" value=\"\/index.php\/wp-json\/wp\/v2\/pages\/145\" \/><div id=\"frm_field_7_container\" class=\"frm_form_field form-field  frm_top_container\">\r\n\t<label for=\"field_mv8wb\" id=\"field_mv8wb_label\" class=\"frm_primary_label\">Raison sociale\r\n\t\t<span class=\"frm_required\" aria-hidden=\"true\"><\/span>\r\n\t<\/label>\r\n\t<input type=\"text\" id=\"field_mv8wb\" name=\"item_meta[7]\" value=\"\"  data-invmsg=\"Raison sociale est non valide\" aria-invalid=\"false\"  \/>\r\n\t\r\n\t\r\n<\/div>\n<div id=\"frm_field_8_container\" class=\"frm_form_field form-field  frm_required_field frm_top_container frm6 frm_first\">\r\n\t<label for=\"field_7oj75\" id=\"field_7oj75_label\" class=\"frm_primary_label\">Nom\r\n\t\t<span class=\"frm_required\" aria-hidden=\"true\">*<\/span>\r\n\t<\/label>\r\n\t<input type=\"text\" id=\"field_7oj75\" name=\"item_meta[8]\" value=\"\"  data-reqmsg=\"Nom ne peut pas \u00eatre vide.\" aria-required=\"true\" data-invmsg=\"Nom est non valide\" aria-invalid=\"false\"  \/>\r\n\t\r\n\t\r\n<\/div>\n<div id=\"frm_field_9_container\" class=\"frm_form_field form-field  frm_required_field frm_top_container frm6\">\r\n\t<label for=\"field_k9ubp\" id=\"field_k9ubp_label\" class=\"frm_primary_label\">Pr\u00e9nom\r\n\t\t<span class=\"frm_required\" aria-hidden=\"true\">*<\/span>\r\n\t<\/label>\r\n\t<input type=\"text\" id=\"field_k9ubp\" name=\"item_meta[9]\" value=\"\"  data-reqmsg=\"Pr\u00e9nom ne peut pas \u00eatre vide.\" aria-required=\"true\" data-invmsg=\"Pr\u00e9nom est non valide\" aria-invalid=\"false\"  \/>\r\n\t\r\n\t\r\n<\/div>\n<div id=\"frm_field_3_container\" class=\"frm_form_field form-field  frm_required_field frm_top_container frm6 frm_half frm_first\">\r\n\t<label for=\"field_29yf4d\" id=\"field_29yf4d_label\" class=\"frm_primary_label\">Email\r\n\t\t<span class=\"frm_required\" aria-hidden=\"true\">*<\/span>\r\n\t<\/label>\r\n\t<input type=\"email\" id=\"field_29yf4d\" name=\"item_meta[3]\" value=\"\"  data-reqmsg=\"Email ne peut pas \u00eatre vide.\" aria-required=\"true\" data-invmsg=\"Please enter a valid email address\" aria-invalid=\"false\"  \/>\r\n\t\r\n\t\r\n<\/div>\n<div id=\"frm_field_10_container\" class=\"frm_form_field form-field  frm_required_field frm_top_container frm6\">\n\t<label for=\"field_qfbcd\" id=\"field_qfbcd_label\" class=\"frm_primary_label\">T\u00e9l\u00e9phone\n\t\t<span class=\"frm_required\" aria-hidden=\"true\">*<\/span>\n\t<\/label>\n\t<input type=\"tel\" id=\"field_qfbcd\" name=\"item_meta[10]\" value=\"\"  data-reqmsg=\"T\u00e9l\u00e9phone ne peut pas \u00eatre vide.\" aria-required=\"true\" data-invmsg=\"T\u00e9l\u00e9phone est non valide\" aria-invalid=\"false\" pattern=\"((\\+\\d{1,3}(-|.| )?\\(?\\d\\)?(-| |.)?\\d{1,5})|(\\(?\\d{2,6}\\)?))(-|.| )?(\\d{3,4})(-|.| )?(\\d{4})(( x| ext)\\d{1,5}){0,1}$\"  \/>\n\t\n\t\n<\/div>\n<div id=\"frm_field_4_container\" class=\"frm_form_field form-field  frm_required_field frm_top_container frm_full\">\r\n\t<label for=\"field_e6lis6\" id=\"field_e6lis6_label\" class=\"frm_primary_label\">Sujet\r\n\t\t<span class=\"frm_required\" aria-hidden=\"true\">*<\/span>\r\n\t<\/label>\r\n\t<input type=\"text\" id=\"field_e6lis6\" name=\"item_meta[4]\" value=\"\"  data-reqmsg=\"Sujet ne peut pas \u00eatre vide.\" aria-required=\"true\" data-invmsg=\"Sujet est non valide\" aria-invalid=\"false\"  \/>\r\n\t\r\n\t\r\n<\/div>\n<div id=\"frm_field_5_container\" class=\"frm_form_field form-field  frm_top_container frm_full\">\r\n\t<label for=\"field_9jv0r1\" id=\"field_9jv0r1_label\" class=\"frm_primary_label\">Message\r\n\t\t<span class=\"frm_required\" aria-hidden=\"true\"><\/span>\r\n\t<\/label>\r\n\t<textarea name=\"item_meta[5]\" id=\"field_9jv0r1\" rows=\"5\"  data-invmsg=\"Message is invalid\" aria-invalid=\"false\"  ><\/textarea>\r\n\t\r\n\t\r\n<\/div>\n<div id=\"frm_field_6_container\" class=\"frm_form_field form-field \">\r\n\t<div class=\"frm_submit frm_flex\">\r\n<button class=\"frm_button_submit\" type=\"submit\"  >Envoyer<\/button>\r\n\r\n\r\n\r\n<\/div>\r\n<\/div>\n\t<input type=\"hidden\" name=\"item_key\" value=\"\" \/>\n\t\t\t<div id=\"frm_field_11_container\">\n\t\t\t<label for=\"field_vsnjk\" >\n\t\t\t\tIf you are human, leave this field blank.\t\t\t<\/label>\n\t\t\t<input  id=\"field_vsnjk\" type=\"text\" class=\"frm_form_field form-field frm_verify\" name=\"item_meta[11]\" value=\"\"  \/>\n\t\t<\/div>\n\t\t<input name=\"frm_state\" type=\"hidden\" value=\"f1RmWJCb7nUzZDemKKaE8LwY8CK3BZWA1K6D7CpcrCo=\" \/><\/div>\n<\/fieldset>\n<\/div>\n\n<\/form>\n<\/div>\n\n\n\n<div style=\"height:50px\" aria-hidden=\"true\" class=\"wp-block-spacer\"><\/div>\n\n\n\n<div class=\"wp-block-columns is-layout-flex wp-container-core-columns-is-layout-9d6595d7 wp-block-columns-is-layout-flex\">\n<div class=\"wp-block-column is-layout-flow wp-block-column-is-layout-flow\"><div class=\"wp-block-image\">\n<figure class=\"aligncenter size-large is-resized\"><img loading=\"lazy\" decoding=\"async\" width=\"1024\" height=\"1024\" src=\"https:\/\/tkgestion.com\/wp-content\/uploads\/2024\/12\/Telephone-1024x1024.jpg\" alt=\"\" class=\"wp-image-146\" style=\"object-fit:cover;width:100px;height:100px\" srcset=\"https:\/\/tkgestion.com\/wp-content\/uploads\/2024\/12\/Telephone-1024x1024.jpg 1024w, https:\/\/tkgestion.com\/wp-content\/uploads\/2024\/12\/Telephone-300x300.jpg 300w, https:\/\/tkgestion.com\/wp-content\/uploads\/2024\/12\/Telephone-150x150.jpg 150w, https:\/\/tkgestion.com\/wp-content\/uploads\/2024\/12\/Telephone-768x768.jpg 768w, https:\/\/tkgestion.com\/wp-content\/uploads\/2024\/12\/Telephone.jpg 1064w\" sizes=\"auto, (max-width: 1024px) 100vw, 1024px\" \/><\/figure>\n<\/div>\n\n\n<div style=\"height:25px\" aria-hidden=\"true\" class=\"wp-block-spacer\"><\/div>\n\n\n\n<p class=\"has-text-align-center\">+352 691 621 925<\/p>\n<\/div>\n\n\n\n<div class=\"wp-block-column is-layout-flow wp-block-column-is-layout-flow\"><div class=\"wp-block-image\">\n<figure class=\"aligncenter size-large is-resized\"><img loading=\"lazy\" decoding=\"async\" width=\"1024\" height=\"1024\" src=\"https:\/\/tkgestion.com\/wp-content\/uploads\/2024\/12\/Adresse-1024x1024.jpg\" alt=\"\" class=\"wp-image-147\" style=\"object-fit:cover;width:100px;height:auto\" srcset=\"https:\/\/tkgestion.com\/wp-content\/uploads\/2024\/12\/Adresse-1024x1024.jpg 1024w, https:\/\/tkgestion.com\/wp-content\/uploads\/2024\/12\/Adresse-300x300.jpg 300w, https:\/\/tkgestion.com\/wp-content\/uploads\/2024\/12\/Adresse-150x150.jpg 150w, https:\/\/tkgestion.com\/wp-content\/uploads\/2024\/12\/Adresse-768x768.jpg 768w, https:\/\/tkgestion.com\/wp-content\/uploads\/2024\/12\/Adresse.jpg 1064w\" sizes=\"auto, (max-width: 1024px) 100vw, 1024px\" \/><\/figure>\n<\/div>\n\n\n<div style=\"height:25px\" aria-hidden=\"true\" class=\"wp-block-spacer\"><\/div>\n\n\n\n<p class=\"has-text-align-center\">37, rue du Nord<\/p>\n\n\n\n<p class=\"has-text-align-center\">L-4260 Esch-sur-Alzette<\/p>\n\n\n\n<p class=\"has-text-align-center\">Luxembourg<\/p>\n<\/div>\n<\/div>\n\n\n\n<div style=\"height:50px\" aria-hidden=\"true\" class=\"wp-block-spacer\"><\/div>\n\n\n\n<div class=\"wp-block-buttons is-content-justification-center is-layout-flex wp-container-core-buttons-is-layout-16018d1d wp-block-buttons-is-layout-flex\">\n<div class=\"wp-block-button\"><a class=\"wp-block-button__link has-text-color has-background has-link-color wp-element-button\" href=\"https:\/\/tkgestion.com\/\" style=\"color:#e6ad40;background-color:#006378\">Retour<\/a><\/div>\n<\/div>\n\n\n\n<div style=\"height:50px\" aria-hidden=\"true\" class=\"wp-block-spacer\"><\/div>\n\n\n\n<p><\/p>\n","protected":false},"excerpt":{"rendered":"<p>Une question ou un projet ? Contactez TK Gestion d\u00e8s aujourd\u2019hui Vous avez un projet ou besoin d\u2019un conseil ? TK Gestion est \u00e0 votre \u00e9coute. Contactez-nous pour discuter de vos besoins et b\u00e9n\u00e9ficier d\u2019un accompagnement personnalis\u00e9, adapt\u00e9 \u00e0 vos objectifs. +352 691 621 925 37, rue du Nord L-4260 Esch-sur-Alzette Luxembourg<\/p>\n","protected":false},"author":1,"featured_media":0,"parent":0,"menu_order":0,"comment_status":"closed","ping_status":"closed","template":"","meta":{"neve_meta_sidebar":"","neve_meta_container":"","neve_meta_enable_content_width":"","neve_meta_content_width":0,"neve_meta_title_alignment":"","neve_meta_author_avatar":"","neve_post_elements_order":"","neve_meta_disable_header":"","neve_meta_disable_footer":"","neve_meta_disable_title":"on","footnotes":""},"class_list":["post-145","page","type-page","status-publish","hentry"],"yoast_head":"<!-- This site is optimized with the Yoast SEO plugin v27.3 - https:\/\/yoast.com\/product\/yoast-seo-wordpress\/ -->\n<title>Contact - TK Gestion<\/title>\n<meta name=\"robots\" content=\"index, follow, max-snippet:-1, max-image-preview:large, max-video-preview:-1\" \/>\n<link rel=\"canonical\" href=\"https:\/\/tkgestion.com\/index.php\/contact\/\" \/>\n<meta property=\"og:locale\" content=\"en_US\" \/>\n<meta property=\"og:type\" content=\"article\" \/>\n<meta property=\"og:title\" content=\"Contact - TK Gestion\" \/>\n<meta property=\"og:description\" content=\"Une question ou un projet ? Contactez TK Gestion d\u00e8s aujourd\u2019hui Vous avez un projet ou besoin d\u2019un conseil ? TK Gestion est \u00e0 votre \u00e9coute. Contactez-nous pour discuter de vos besoins et b\u00e9n\u00e9ficier d\u2019un accompagnement personnalis\u00e9, adapt\u00e9 \u00e0 vos objectifs. +352 691 621 925 37, rue du Nord L-4260 Esch-sur-Alzette Luxembourg\" \/>\n<meta property=\"og:url\" content=\"https:\/\/tkgestion.com\/index.php\/contact\/\" \/>\n<meta property=\"og:site_name\" content=\"TK Gestion\" \/>\n<meta property=\"article:modified_time\" content=\"2024-12-23T16:55:09+00:00\" \/>\n<meta property=\"og:image\" content=\"https:\/\/tkgestion.com\/wp-content\/uploads\/2024\/12\/Telephone.jpg\" \/>\n\t<meta property=\"og:image:width\" content=\"1064\" \/>\n\t<meta property=\"og:image:height\" content=\"1064\" \/>\n\t<meta property=\"og:image:type\" content=\"image\/jpeg\" \/>\n<meta name=\"twitter:card\" content=\"summary_large_image\" \/>\n<meta name=\"twitter:label1\" content=\"Est. reading time\" \/>\n\t<meta name=\"twitter:data1\" content=\"2 minutes\" \/>\n<script type=\"application\/ld+json\" class=\"yoast-schema-graph\">{\"@context\":\"https:\\\/\\\/schema.org\",\"@graph\":[{\"@type\":\"WebPage\",\"@id\":\"https:\\\/\\\/tkgestion.com\\\/index.php\\\/contact\\\/\",\"url\":\"https:\\\/\\\/tkgestion.com\\\/index.php\\\/contact\\\/\",\"name\":\"Contact - TK Gestion\",\"isPartOf\":{\"@id\":\"https:\\\/\\\/tkgestion.com\\\/#website\"},\"primaryImageOfPage\":{\"@id\":\"https:\\\/\\\/tkgestion.com\\\/index.php\\\/contact\\\/#primaryimage\"},\"image\":{\"@id\":\"https:\\\/\\\/tkgestion.com\\\/index.php\\\/contact\\\/#primaryimage\"},\"thumbnailUrl\":\"https:\\\/\\\/tkgestion.com\\\/wp-content\\\/uploads\\\/2024\\\/12\\\/Telephone-1024x1024.jpg\",\"datePublished\":\"2024-12-18T15:30:37+00:00\",\"dateModified\":\"2024-12-23T16:55:09+00:00\",\"breadcrumb\":{\"@id\":\"https:\\\/\\\/tkgestion.com\\\/index.php\\\/contact\\\/#breadcrumb\"},\"inLanguage\":\"en-US\",\"potentialAction\":[{\"@type\":\"ReadAction\",\"target\":[\"https:\\\/\\\/tkgestion.com\\\/index.php\\\/contact\\\/\"]}]},{\"@type\":\"ImageObject\",\"inLanguage\":\"en-US\",\"@id\":\"https:\\\/\\\/tkgestion.com\\\/index.php\\\/contact\\\/#primaryimage\",\"url\":\"https:\\\/\\\/tkgestion.com\\\/wp-content\\\/uploads\\\/2024\\\/12\\\/Telephone.jpg\",\"contentUrl\":\"https:\\\/\\\/tkgestion.com\\\/wp-content\\\/uploads\\\/2024\\\/12\\\/Telephone.jpg\",\"width\":1064,\"height\":1064},{\"@type\":\"BreadcrumbList\",\"@id\":\"https:\\\/\\\/tkgestion.com\\\/index.php\\\/contact\\\/#breadcrumb\",\"itemListElement\":[{\"@type\":\"ListItem\",\"position\":1,\"name\":\"Accueil\",\"item\":\"https:\\\/\\\/tkgestion.com\\\/\"},{\"@type\":\"ListItem\",\"position\":2,\"name\":\"Contact\"}]},{\"@type\":\"WebSite\",\"@id\":\"https:\\\/\\\/tkgestion.com\\\/#website\",\"url\":\"https:\\\/\\\/tkgestion.com\\\/\",\"name\":\"TK Gestion\",\"description\":\"Votre partenaire en gestion, pour construire un avenir serein.\",\"publisher\":{\"@id\":\"https:\\\/\\\/tkgestion.com\\\/#organization\"},\"potentialAction\":[{\"@type\":\"SearchAction\",\"target\":{\"@type\":\"EntryPoint\",\"urlTemplate\":\"https:\\\/\\\/tkgestion.com\\\/?s={search_term_string}\"},\"query-input\":{\"@type\":\"PropertyValueSpecification\",\"valueRequired\":true,\"valueName\":\"search_term_string\"}}],\"inLanguage\":\"en-US\"},{\"@type\":\"Organization\",\"@id\":\"https:\\\/\\\/tkgestion.com\\\/#organization\",\"name\":\"TK Gestion S.\u00e0 r.l.\",\"url\":\"https:\\\/\\\/tkgestion.com\\\/\",\"logo\":{\"@type\":\"ImageObject\",\"inLanguage\":\"en-US\",\"@id\":\"https:\\\/\\\/tkgestion.com\\\/#\\\/schema\\\/logo\\\/image\\\/\",\"url\":\"https:\\\/\\\/tkgestion.com\\\/wp-content\\\/uploads\\\/2024\\\/12\\\/Logo_TK_Improved.png\",\"contentUrl\":\"https:\\\/\\\/tkgestion.com\\\/wp-content\\\/uploads\\\/2024\\\/12\\\/Logo_TK_Improved.png\",\"width\":236,\"height\":222,\"caption\":\"TK Gestion S.\u00e0 r.l.\"},\"image\":{\"@id\":\"https:\\\/\\\/tkgestion.com\\\/#\\\/schema\\\/logo\\\/image\\\/\"}}]}<\/script>\n<!-- \/ Yoast SEO plugin. -->","yoast_head_json":{"title":"Contact - TK Gestion","robots":{"index":"index","follow":"follow","max-snippet":"max-snippet:-1","max-image-preview":"max-image-preview:large","max-video-preview":"max-video-preview:-1"},"canonical":"https:\/\/tkgestion.com\/index.php\/contact\/","og_locale":"en_US","og_type":"article","og_title":"Contact - TK Gestion","og_description":"Une question ou un projet ? Contactez TK Gestion d\u00e8s aujourd\u2019hui Vous avez un projet ou besoin d\u2019un conseil ? TK Gestion est \u00e0 votre \u00e9coute. Contactez-nous pour discuter de vos besoins et b\u00e9n\u00e9ficier d\u2019un accompagnement personnalis\u00e9, adapt\u00e9 \u00e0 vos objectifs. +352 691 621 925 37, rue du Nord L-4260 Esch-sur-Alzette Luxembourg","og_url":"https:\/\/tkgestion.com\/index.php\/contact\/","og_site_name":"TK Gestion","article_modified_time":"2024-12-23T16:55:09+00:00","og_image":[{"width":1064,"height":1064,"url":"https:\/\/tkgestion.com\/wp-content\/uploads\/2024\/12\/Telephone.jpg","type":"image\/jpeg"}],"twitter_card":"summary_large_image","twitter_misc":{"Est. reading time":"2 minutes"},"schema":{"@context":"https:\/\/schema.org","@graph":[{"@type":"WebPage","@id":"https:\/\/tkgestion.com\/index.php\/contact\/","url":"https:\/\/tkgestion.com\/index.php\/contact\/","name":"Contact - TK Gestion","isPartOf":{"@id":"https:\/\/tkgestion.com\/#website"},"primaryImageOfPage":{"@id":"https:\/\/tkgestion.com\/index.php\/contact\/#primaryimage"},"image":{"@id":"https:\/\/tkgestion.com\/index.php\/contact\/#primaryimage"},"thumbnailUrl":"https:\/\/tkgestion.com\/wp-content\/uploads\/2024\/12\/Telephone-1024x1024.jpg","datePublished":"2024-12-18T15:30:37+00:00","dateModified":"2024-12-23T16:55:09+00:00","breadcrumb":{"@id":"https:\/\/tkgestion.com\/index.php\/contact\/#breadcrumb"},"inLanguage":"en-US","potentialAction":[{"@type":"ReadAction","target":["https:\/\/tkgestion.com\/index.php\/contact\/"]}]},{"@type":"ImageObject","inLanguage":"en-US","@id":"https:\/\/tkgestion.com\/index.php\/contact\/#primaryimage","url":"https:\/\/tkgestion.com\/wp-content\/uploads\/2024\/12\/Telephone.jpg","contentUrl":"https:\/\/tkgestion.com\/wp-content\/uploads\/2024\/12\/Telephone.jpg","width":1064,"height":1064},{"@type":"BreadcrumbList","@id":"https:\/\/tkgestion.com\/index.php\/contact\/#breadcrumb","itemListElement":[{"@type":"ListItem","position":1,"name":"Accueil","item":"https:\/\/tkgestion.com\/"},{"@type":"ListItem","position":2,"name":"Contact"}]},{"@type":"WebSite","@id":"https:\/\/tkgestion.com\/#website","url":"https:\/\/tkgestion.com\/","name":"TK Gestion","description":"Votre partenaire en gestion, pour construire un avenir serein.","publisher":{"@id":"https:\/\/tkgestion.com\/#organization"},"potentialAction":[{"@type":"SearchAction","target":{"@type":"EntryPoint","urlTemplate":"https:\/\/tkgestion.com\/?s={search_term_string}"},"query-input":{"@type":"PropertyValueSpecification","valueRequired":true,"valueName":"search_term_string"}}],"inLanguage":"en-US"},{"@type":"Organization","@id":"https:\/\/tkgestion.com\/#organization","name":"TK Gestion S.\u00e0 r.l.","url":"https:\/\/tkgestion.com\/","logo":{"@type":"ImageObject","inLanguage":"en-US","@id":"https:\/\/tkgestion.com\/#\/schema\/logo\/image\/","url":"https:\/\/tkgestion.com\/wp-content\/uploads\/2024\/12\/Logo_TK_Improved.png","contentUrl":"https:\/\/tkgestion.com\/wp-content\/uploads\/2024\/12\/Logo_TK_Improved.png","width":236,"height":222,"caption":"TK Gestion S.\u00e0 r.l."},"image":{"@id":"https:\/\/tkgestion.com\/#\/schema\/logo\/image\/"}}]}},"_links":{"self":[{"href":"https:\/\/tkgestion.com\/index.php\/wp-json\/wp\/v2\/pages\/145","targetHints":{"allow":["GET"]}}],"collection":[{"href":"https:\/\/tkgestion.com\/index.php\/wp-json\/wp\/v2\/pages"}],"about":[{"href":"https:\/\/tkgestion.com\/index.php\/wp-json\/wp\/v2\/types\/page"}],"author":[{"embeddable":true,"href":"https:\/\/tkgestion.com\/index.php\/wp-json\/wp\/v2\/users\/1"}],"replies":[{"embeddable":true,"href":"https:\/\/tkgestion.com\/index.php\/wp-json\/wp\/v2\/comments?post=145"}],"version-history":[{"count":2,"href":"https:\/\/tkgestion.com\/index.php\/wp-json\/wp\/v2\/pages\/145\/revisions"}],"predecessor-version":[{"id":201,"href":"https:\/\/tkgestion.com\/index.php\/wp-json\/wp\/v2\/pages\/145\/revisions\/201"}],"wp:attachment":[{"href":"https:\/\/tkgestion.com\/index.php\/wp-json\/wp\/v2\/media?parent=145"}],"curies":[{"name":"wp","href":"https:\/\/api.w.org\/{rel}","templated":true}]}}