{"id":108,"date":"2024-12-18T15:45:04","date_gmt":"2024-12-18T14:45:04","guid":{"rendered":"https:\/\/tkgestion.com\/?page_id=108"},"modified":"2025-01-08T17:53:38","modified_gmt":"2025-01-08T16:53:38","slug":"commissariat-aux-comptes","status":"publish","type":"page","link":"https:\/\/tkgestion.com\/index.php\/commissariat-aux-comptes\/","title":{"rendered":"Commissariat aux Comptes"},"content":{"rendered":"\n<div class=\"wp-block-cover alignfull is-light has-parallax\" style=\"padding-top:0px;padding-right:0;padding-bottom:0px;padding-left:0;min-height:400px;aspect-ratio:unset;\"><span aria-hidden=\"true\" class=\"wp-block-cover__background has-background-dim-0 has-background-dim\"><\/span><div class=\"wp-block-cover__image-background wp-image-41 has-parallax\" style=\"background-position:50% 50%;background-image:url(https:\/\/tkgestion.com\/wp-content\/uploads\/2024\/12\/ai-generated-8974297_1280.jpg)\"><\/div><div class=\"wp-block-cover__inner-container is-layout-flow wp-block-cover-is-layout-flow\">\n<div class=\"wp-block-columns are-vertically-aligned-center is-layout-flex wp-container-core-columns-is-layout-9d6595d7 wp-block-columns-is-layout-flex\">\n<div class=\"wp-block-column is-vertically-aligned-center is-layout-flow wp-block-column-is-layout-flow\">\n<div style=\"height:300px\" aria-hidden=\"true\" class=\"wp-block-spacer\"><\/div>\n<\/div>\n<\/div>\n\n\n\n<h2 class=\"wp-block-heading alignfull has-text-align-center has-text-color has-background has-link-color has-large-font-size wp-elements-bda91f8952a34521dd38daa6c52c0741\" style=\"border-style:none;border-width:0px;border-radius:0px;color:#e6ad40;background-color:#006278b0\">Votre partenaire en gestion, pour construire un avenir serein.<\/h2>\n<\/div><\/div>\n\n\n\n<div style=\"height:50px\" aria-hidden=\"true\" class=\"wp-block-spacer\"><\/div>\n\n\n\n<h2 class=\"wp-block-heading has-text-align-center\"><strong>Commissariat aux Comptes<\/strong><\/h2>\n\n\n\n<div style=\"height:15px\" aria-hidden=\"true\" class=\"wp-block-spacer\"><\/div>\n\n\n\n<p><strong>Audit l\u00e9gal et certification au Luxembourg : fiabilit\u00e9 et transparence avec TK Gestion<\/strong><\/p>\n\n\n\n<p><br>Garantir la <strong>fiabilit\u00e9<\/strong> et la <strong>transparence<\/strong> de vos comptes est crucial pour \u00e9tablir et renforcer la <strong>confiance<\/strong> de vos partenaires, actionnaires et institutions financi\u00e8res. Avec <strong>TK Gestion<\/strong>, b\u00e9n\u00e9ficiez d\u2019une expertise reconnue pour vos besoins en <strong>audit et certification<\/strong> au <strong>Luxembourg<\/strong>.<\/p>\n\n\n\n<h3 class=\"wp-block-heading has-text-align-center\"><strong>Nos services en audit l\u00e9gal et certification<\/strong><\/h3>\n\n\n\n<div class=\"wp-block-media-text is-stacked-on-mobile\"><figure class=\"wp-block-media-text__media\"><img loading=\"lazy\" decoding=\"async\" width=\"682\" height=\"1024\" src=\"http:\/\/tkgestion.com\/wp-content\/uploads\/2024\/12\/ai-generated-9126723_1280-682x1024.jpg\" alt=\"\" class=\"wp-image-44 size-full\" srcset=\"https:\/\/tkgestion.com\/wp-content\/uploads\/2024\/12\/ai-generated-9126723_1280-682x1024.jpg 682w, https:\/\/tkgestion.com\/wp-content\/uploads\/2024\/12\/ai-generated-9126723_1280-200x300.jpg 200w, https:\/\/tkgestion.com\/wp-content\/uploads\/2024\/12\/ai-generated-9126723_1280-768x1152.jpg 768w, https:\/\/tkgestion.com\/wp-content\/uploads\/2024\/12\/ai-generated-9126723_1280.jpg 853w\" sizes=\"auto, (max-width: 682px) 100vw, 682px\" \/><\/figure><div class=\"wp-block-media-text__content\">\n<p><strong>Audit l\u00e9gal<\/strong> :<\/p>\n\n\n\n<ul class=\"wp-block-list\">\n<li>R\u00e9alisation des missions obligatoires, conform\u00e9ment aux <strong>normes professionnelles<\/strong> et r\u00e9glementations luxembourgeoises.<\/li>\n<\/ul>\n\n\n\n<p><strong>Contr\u00f4les et certifications<\/strong> :<\/p>\n\n\n\n<ul class=\"wp-block-list\">\n<li>Certification des comptes annuels.<\/li>\n\n\n\n<li>Revues limit\u00e9es.<\/li>\n\n\n\n<li>Interventions sp\u00e9cifiques adapt\u00e9es \u00e0 vos besoins.<\/li>\n<\/ul>\n\n\n\n<p><strong>Conseils en organisation comptable<\/strong> :<\/p>\n\n\n\n<ul class=\"wp-block-list\">\n<li>Accompagnement sur mesure pour optimiser vos <strong>syst\u00e8mes d\u2019information comptable<\/strong>.<\/li>\n<\/ul>\n\n\n\n<p><strong>Missions ponctuelles<\/strong> :<\/p>\n\n\n\n<ul class=\"wp-block-list\">\n<li>Assistance lors de <strong>fusions<\/strong>, <strong>acquisitions<\/strong> ou <strong>liquidations<\/strong>.<\/li>\n\n\n\n<li>Garantir une transition conforme et s\u00e9curis\u00e9e dans des op\u00e9rations strat\u00e9giques.<\/li>\n<\/ul>\n\n\n\n<ol class=\"wp-block-list\"><\/ol>\n<\/div><\/div>\n\n\n\n<div style=\"height:15px\" aria-hidden=\"true\" class=\"wp-block-spacer\"><\/div>\n\n\n\n<h3 class=\"wp-block-heading\"><strong>Les avantages d\u2019un audit avec TK Gestion<\/strong><\/h3>\n\n\n\n<ul class=\"wp-block-list\">\n<li><strong>Conformit\u00e9 garantie<\/strong> : Respect des normes luxembourgeoises et des obligations l\u00e9gales.<\/li>\n\n\n\n<li><strong>S\u00e9curit\u00e9 financi\u00e8re<\/strong> : Certification de vos comptes pour rassurer vos investisseurs et partenaires.<\/li>\n\n\n\n<li><strong>Transparence accrue<\/strong> : Renforcez la confiance des parties prenantes gr\u00e2ce \u00e0 des comptes fiables et certifi\u00e9s.<\/li>\n\n\n\n<li><strong>Conseils strat\u00e9giques<\/strong> : Accompagnement pour am\u00e9liorer vos outils comptables et organisationnels.<\/li>\n<\/ul>\n\n\n\n<h3 class=\"wp-block-heading\"><strong>Pourquoi choisir TK Gestion pour vos audits et certifications ?<\/strong><\/h3>\n\n\n\n<p>Avec plus de <strong>15 ans d\u2019exp\u00e9rience<\/strong>, <strong>TK Gestion<\/strong> est un partenaire de choix pour r\u00e9pondre \u00e0 vos besoins en audit l\u00e9gal et certifications financi\u00e8res au <strong>Luxembourg<\/strong>. Notre \u00e9quipe d\u2019experts vous accompagne pour garantir une gestion conforme et s\u00e9curis\u00e9e de vos comptes.<\/p>\n\n\n\n<p><strong>Contactez-nous d\u00e8s aujourd\u2019hui<\/strong> pour b\u00e9n\u00e9ficier d\u2019une solution personnalis\u00e9e en audit et certification, et renforcer la solidit\u00e9 financi\u00e8re de votre entreprise.<\/p>\n\n\n\n<div style=\"height:50px\" aria-hidden=\"true\" class=\"wp-block-spacer\"><\/div>\n\n\n\n<div class=\"wp-block-buttons is-content-justification-center is-layout-flex wp-container-core-buttons-is-layout-16018d1d wp-block-buttons-is-layout-flex\">\n<div class=\"wp-block-button\"><a class=\"wp-block-button__link has-text-color has-background has-link-color wp-element-button\" href=\"https:\/\/tkgestion.com\/\" style=\"color:#e6ad40;background-color:#006378\">Retour<\/a><\/div>\n<\/div>\n\n\n\n<div style=\"height:50px\" aria-hidden=\"true\" class=\"wp-block-spacer\"><\/div>\n","protected":false},"excerpt":{"rendered":"<p>Commissariat aux Comptes Audit l\u00e9gal et certification au Luxembourg : fiabilit\u00e9 et transparence avec TK Gestion Garantir la fiabilit\u00e9 et la transparence de vos comptes est crucial pour \u00e9tablir et renforcer la confiance de vos partenaires, actionnaires et institutions financi\u00e8res. Avec TK Gestion, b\u00e9n\u00e9ficiez d\u2019une expertise reconnue pour vos besoins en audit et certification au&hellip;&nbsp;<a href=\"https:\/\/tkgestion.com\/index.php\/commissariat-aux-comptes\/\" rel=\"bookmark\">Read More &raquo;<span class=\"screen-reader-text\">Commissariat aux Comptes<\/span><\/a><\/p>\n","protected":false},"author":1,"featured_media":0,"parent":0,"menu_order":0,"comment_status":"closed","ping_status":"closed","template":"","meta":{"neve_meta_sidebar":"","neve_meta_container":"","neve_meta_enable_content_width":"","neve_meta_content_width":0,"neve_meta_title_alignment":"","neve_meta_author_avatar":"","neve_post_elements_order":"","neve_meta_disable_header":"","neve_meta_disable_footer":"","neve_meta_disable_title":"on","footnotes":""},"class_list":["post-108","page","type-page","status-publish","hentry"],"yoast_head":"<!-- This site is optimized with the Yoast SEO plugin v27.3 - https:\/\/yoast.com\/product\/yoast-seo-wordpress\/ -->\n<title>Commissariat aux Comptes - TK Gestion<\/title>\n<meta name=\"robots\" content=\"index, follow, max-snippet:-1, max-image-preview:large, max-video-preview:-1\" \/>\n<link rel=\"canonical\" href=\"https:\/\/tkgestion.com\/index.php\/commissariat-aux-comptes\/\" \/>\n<meta property=\"og:locale\" content=\"en_US\" \/>\n<meta property=\"og:type\" content=\"article\" \/>\n<meta property=\"og:title\" content=\"Commissariat aux Comptes - TK Gestion\" \/>\n<meta property=\"og:description\" content=\"Commissariat aux Comptes Audit l\u00e9gal et certification au Luxembourg : fiabilit\u00e9 et transparence avec TK Gestion Garantir la fiabilit\u00e9 et la transparence de vos comptes est crucial pour \u00e9tablir et renforcer la confiance de vos partenaires, actionnaires et institutions financi\u00e8res. Avec TK Gestion, b\u00e9n\u00e9ficiez d\u2019une expertise reconnue pour vos besoins en audit et certification au&hellip;&nbsp;Read More &raquo;Commissariat aux Comptes\" \/>\n<meta property=\"og:url\" content=\"https:\/\/tkgestion.com\/index.php\/commissariat-aux-comptes\/\" \/>\n<meta property=\"og:site_name\" content=\"TK Gestion\" \/>\n<meta property=\"article:modified_time\" content=\"2025-01-08T16:53:38+00:00\" \/>\n<meta property=\"og:image\" content=\"https:\/\/tkgestion.com\/wp-content\/uploads\/2024\/12\/ai-generated-9126723_1280.jpg\" \/>\n\t<meta property=\"og:image:width\" content=\"853\" \/>\n\t<meta property=\"og:image:height\" content=\"1280\" \/>\n\t<meta property=\"og:image:type\" content=\"image\/jpeg\" \/>\n<meta name=\"twitter:card\" content=\"summary_large_image\" \/>\n<meta name=\"twitter:label1\" content=\"Est. reading time\" \/>\n\t<meta name=\"twitter:data1\" content=\"2 minutes\" \/>\n<script type=\"application\/ld+json\" class=\"yoast-schema-graph\">{\"@context\":\"https:\\\/\\\/schema.org\",\"@graph\":[{\"@type\":\"WebPage\",\"@id\":\"https:\\\/\\\/tkgestion.com\\\/index.php\\\/commissariat-aux-comptes\\\/\",\"url\":\"https:\\\/\\\/tkgestion.com\\\/index.php\\\/commissariat-aux-comptes\\\/\",\"name\":\"Commissariat aux Comptes - TK Gestion\",\"isPartOf\":{\"@id\":\"https:\\\/\\\/tkgestion.com\\\/#website\"},\"primaryImageOfPage\":{\"@id\":\"https:\\\/\\\/tkgestion.com\\\/index.php\\\/commissariat-aux-comptes\\\/#primaryimage\"},\"image\":{\"@id\":\"https:\\\/\\\/tkgestion.com\\\/index.php\\\/commissariat-aux-comptes\\\/#primaryimage\"},\"thumbnailUrl\":\"http:\\\/\\\/tkgestion.com\\\/wp-content\\\/uploads\\\/2024\\\/12\\\/ai-generated-9126723_1280-682x1024.jpg\",\"datePublished\":\"2024-12-18T14:45:04+00:00\",\"dateModified\":\"2025-01-08T16:53:38+00:00\",\"breadcrumb\":{\"@id\":\"https:\\\/\\\/tkgestion.com\\\/index.php\\\/commissariat-aux-comptes\\\/#breadcrumb\"},\"inLanguage\":\"en-US\",\"potentialAction\":[{\"@type\":\"ReadAction\",\"target\":[\"https:\\\/\\\/tkgestion.com\\\/index.php\\\/commissariat-aux-comptes\\\/\"]}]},{\"@type\":\"ImageObject\",\"inLanguage\":\"en-US\",\"@id\":\"https:\\\/\\\/tkgestion.com\\\/index.php\\\/commissariat-aux-comptes\\\/#primaryimage\",\"url\":\"https:\\\/\\\/tkgestion.com\\\/wp-content\\\/uploads\\\/2024\\\/12\\\/ai-generated-9126723_1280.jpg\",\"contentUrl\":\"https:\\\/\\\/tkgestion.com\\\/wp-content\\\/uploads\\\/2024\\\/12\\\/ai-generated-9126723_1280.jpg\",\"width\":853,\"height\":1280},{\"@type\":\"BreadcrumbList\",\"@id\":\"https:\\\/\\\/tkgestion.com\\\/index.php\\\/commissariat-aux-comptes\\\/#breadcrumb\",\"itemListElement\":[{\"@type\":\"ListItem\",\"position\":1,\"name\":\"Accueil\",\"item\":\"https:\\\/\\\/tkgestion.com\\\/\"},{\"@type\":\"ListItem\",\"position\":2,\"name\":\"Commissariat aux Comptes\"}]},{\"@type\":\"WebSite\",\"@id\":\"https:\\\/\\\/tkgestion.com\\\/#website\",\"url\":\"https:\\\/\\\/tkgestion.com\\\/\",\"name\":\"TK Gestion\",\"description\":\"Votre partenaire en gestion, pour construire un avenir serein.\",\"publisher\":{\"@id\":\"https:\\\/\\\/tkgestion.com\\\/#organization\"},\"potentialAction\":[{\"@type\":\"SearchAction\",\"target\":{\"@type\":\"EntryPoint\",\"urlTemplate\":\"https:\\\/\\\/tkgestion.com\\\/?s={search_term_string}\"},\"query-input\":{\"@type\":\"PropertyValueSpecification\",\"valueRequired\":true,\"valueName\":\"search_term_string\"}}],\"inLanguage\":\"en-US\"},{\"@type\":\"Organization\",\"@id\":\"https:\\\/\\\/tkgestion.com\\\/#organization\",\"name\":\"TK Gestion S.\u00e0 r.l.\",\"url\":\"https:\\\/\\\/tkgestion.com\\\/\",\"logo\":{\"@type\":\"ImageObject\",\"inLanguage\":\"en-US\",\"@id\":\"https:\\\/\\\/tkgestion.com\\\/#\\\/schema\\\/logo\\\/image\\\/\",\"url\":\"https:\\\/\\\/tkgestion.com\\\/wp-content\\\/uploads\\\/2024\\\/12\\\/Logo_TK_Improved.png\",\"contentUrl\":\"https:\\\/\\\/tkgestion.com\\\/wp-content\\\/uploads\\\/2024\\\/12\\\/Logo_TK_Improved.png\",\"width\":236,\"height\":222,\"caption\":\"TK Gestion S.\u00e0 r.l.\"},\"image\":{\"@id\":\"https:\\\/\\\/tkgestion.com\\\/#\\\/schema\\\/logo\\\/image\\\/\"}}]}<\/script>\n<!-- \/ Yoast SEO plugin. -->","yoast_head_json":{"title":"Commissariat aux Comptes - TK Gestion","robots":{"index":"index","follow":"follow","max-snippet":"max-snippet:-1","max-image-preview":"max-image-preview:large","max-video-preview":"max-video-preview:-1"},"canonical":"https:\/\/tkgestion.com\/index.php\/commissariat-aux-comptes\/","og_locale":"en_US","og_type":"article","og_title":"Commissariat aux Comptes - TK Gestion","og_description":"Commissariat aux Comptes Audit l\u00e9gal et certification au Luxembourg : fiabilit\u00e9 et transparence avec TK Gestion Garantir la fiabilit\u00e9 et la transparence de vos comptes est crucial pour \u00e9tablir et renforcer la confiance de vos partenaires, actionnaires et institutions financi\u00e8res. Avec TK Gestion, b\u00e9n\u00e9ficiez d\u2019une expertise reconnue pour vos besoins en audit et certification au&hellip;&nbsp;Read More &raquo;Commissariat aux Comptes","og_url":"https:\/\/tkgestion.com\/index.php\/commissariat-aux-comptes\/","og_site_name":"TK Gestion","article_modified_time":"2025-01-08T16:53:38+00:00","og_image":[{"width":853,"height":1280,"url":"https:\/\/tkgestion.com\/wp-content\/uploads\/2024\/12\/ai-generated-9126723_1280.jpg","type":"image\/jpeg"}],"twitter_card":"summary_large_image","twitter_misc":{"Est. reading time":"2 minutes"},"schema":{"@context":"https:\/\/schema.org","@graph":[{"@type":"WebPage","@id":"https:\/\/tkgestion.com\/index.php\/commissariat-aux-comptes\/","url":"https:\/\/tkgestion.com\/index.php\/commissariat-aux-comptes\/","name":"Commissariat aux Comptes - TK Gestion","isPartOf":{"@id":"https:\/\/tkgestion.com\/#website"},"primaryImageOfPage":{"@id":"https:\/\/tkgestion.com\/index.php\/commissariat-aux-comptes\/#primaryimage"},"image":{"@id":"https:\/\/tkgestion.com\/index.php\/commissariat-aux-comptes\/#primaryimage"},"thumbnailUrl":"http:\/\/tkgestion.com\/wp-content\/uploads\/2024\/12\/ai-generated-9126723_1280-682x1024.jpg","datePublished":"2024-12-18T14:45:04+00:00","dateModified":"2025-01-08T16:53:38+00:00","breadcrumb":{"@id":"https:\/\/tkgestion.com\/index.php\/commissariat-aux-comptes\/#breadcrumb"},"inLanguage":"en-US","potentialAction":[{"@type":"ReadAction","target":["https:\/\/tkgestion.com\/index.php\/commissariat-aux-comptes\/"]}]},{"@type":"ImageObject","inLanguage":"en-US","@id":"https:\/\/tkgestion.com\/index.php\/commissariat-aux-comptes\/#primaryimage","url":"https:\/\/tkgestion.com\/wp-content\/uploads\/2024\/12\/ai-generated-9126723_1280.jpg","contentUrl":"https:\/\/tkgestion.com\/wp-content\/uploads\/2024\/12\/ai-generated-9126723_1280.jpg","width":853,"height":1280},{"@type":"BreadcrumbList","@id":"https:\/\/tkgestion.com\/index.php\/commissariat-aux-comptes\/#breadcrumb","itemListElement":[{"@type":"ListItem","position":1,"name":"Accueil","item":"https:\/\/tkgestion.com\/"},{"@type":"ListItem","position":2,"name":"Commissariat aux Comptes"}]},{"@type":"WebSite","@id":"https:\/\/tkgestion.com\/#website","url":"https:\/\/tkgestion.com\/","name":"TK Gestion","description":"Votre partenaire en gestion, pour construire un avenir serein.","publisher":{"@id":"https:\/\/tkgestion.com\/#organization"},"potentialAction":[{"@type":"SearchAction","target":{"@type":"EntryPoint","urlTemplate":"https:\/\/tkgestion.com\/?s={search_term_string}"},"query-input":{"@type":"PropertyValueSpecification","valueRequired":true,"valueName":"search_term_string"}}],"inLanguage":"en-US"},{"@type":"Organization","@id":"https:\/\/tkgestion.com\/#organization","name":"TK Gestion S.\u00e0 r.l.","url":"https:\/\/tkgestion.com\/","logo":{"@type":"ImageObject","inLanguage":"en-US","@id":"https:\/\/tkgestion.com\/#\/schema\/logo\/image\/","url":"https:\/\/tkgestion.com\/wp-content\/uploads\/2024\/12\/Logo_TK_Improved.png","contentUrl":"https:\/\/tkgestion.com\/wp-content\/uploads\/2024\/12\/Logo_TK_Improved.png","width":236,"height":222,"caption":"TK Gestion S.\u00e0 r.l."},"image":{"@id":"https:\/\/tkgestion.com\/#\/schema\/logo\/image\/"}}]}},"_links":{"self":[{"href":"https:\/\/tkgestion.com\/index.php\/wp-json\/wp\/v2\/pages\/108","targetHints":{"allow":["GET"]}}],"collection":[{"href":"https:\/\/tkgestion.com\/index.php\/wp-json\/wp\/v2\/pages"}],"about":[{"href":"https:\/\/tkgestion.com\/index.php\/wp-json\/wp\/v2\/types\/page"}],"author":[{"embeddable":true,"href":"https:\/\/tkgestion.com\/index.php\/wp-json\/wp\/v2\/users\/1"}],"replies":[{"embeddable":true,"href":"https:\/\/tkgestion.com\/index.php\/wp-json\/wp\/v2\/comments?post=108"}],"version-history":[{"count":6,"href":"https:\/\/tkgestion.com\/index.php\/wp-json\/wp\/v2\/pages\/108\/revisions"}],"predecessor-version":[{"id":211,"href":"https:\/\/tkgestion.com\/index.php\/wp-json\/wp\/v2\/pages\/108\/revisions\/211"}],"wp:attachment":[{"href":"https:\/\/tkgestion.com\/index.php\/wp-json\/wp\/v2\/media?parent=108"}],"curies":[{"name":"wp","href":"https:\/\/api.w.org\/{rel}","templated":true}]}}