{"id":105,"date":"2024-12-18T15:42:58","date_gmt":"2024-12-18T14:42:58","guid":{"rendered":"https:\/\/tkgestion.com\/?page_id=105"},"modified":"2025-01-08T17:54:08","modified_gmt":"2025-01-08T16:54:08","slug":"creation-de-societes","status":"publish","type":"page","link":"https:\/\/tkgestion.com\/index.php\/creation-de-societes\/","title":{"rendered":"Cr\u00e9ation de Soci\u00e9t\u00e9s"},"content":{"rendered":"\n<div class=\"wp-block-cover alignfull is-light has-parallax\" style=\"padding-top:0px;padding-right:0;padding-bottom:0px;padding-left:0;min-height:400px;aspect-ratio:unset;\"><span aria-hidden=\"true\" class=\"wp-block-cover__background has-background-dim-0 has-background-dim\"><\/span><div class=\"wp-block-cover__image-background wp-image-41 has-parallax\" style=\"background-position:50% 50%;background-image:url(https:\/\/tkgestion.com\/wp-content\/uploads\/2024\/12\/ai-generated-8974297_1280.jpg)\"><\/div><div class=\"wp-block-cover__inner-container is-layout-flow wp-block-cover-is-layout-flow\">\n<div class=\"wp-block-columns are-vertically-aligned-center is-layout-flex wp-container-core-columns-is-layout-9d6595d7 wp-block-columns-is-layout-flex\">\n<div class=\"wp-block-column is-vertically-aligned-center is-layout-flow wp-block-column-is-layout-flow\">\n<div style=\"height:300px\" aria-hidden=\"true\" class=\"wp-block-spacer\"><\/div>\n<\/div>\n<\/div>\n\n\n\n<h2 class=\"wp-block-heading alignfull has-text-align-center has-text-color has-background has-link-color has-large-font-size wp-elements-bda91f8952a34521dd38daa6c52c0741\" style=\"border-style:none;border-width:0px;border-radius:0px;color:#e6ad40;background-color:#006278b0\">Votre partenaire en gestion, pour construire un avenir serein.<\/h2>\n<\/div><\/div>\n\n\n\n<div style=\"height:50px\" aria-hidden=\"true\" class=\"wp-block-spacer\"><\/div>\n\n\n\n<h2 class=\"wp-block-heading has-text-align-center\"><strong>Cr\u00e9ation de Soci\u00e9t\u00e9s<\/strong><\/h2>\n\n\n\n<div style=\"height:15px\" aria-hidden=\"true\" class=\"wp-block-spacer\"><\/div>\n\n\n\n<p><strong>Cr\u00e9er une entreprise au Luxembourg avec TK Gestion : votre partenaire de confiance<\/strong><\/p>\n\n\n\n<p><br>Vous avez un projet entrepreneurial au <strong>Luxembourg<\/strong> ? <strong>TK Gestion<\/strong> vous accompagne \u00e0 chaque \u00e9tape de la <strong>cr\u00e9ation de votre entreprise<\/strong>, en vous offrant des solutions sur mesure, de l\u2019id\u00e9e initiale \u00e0 la mise en place administrative.<\/p>\n\n\n\n<h3 class=\"wp-block-heading has-text-align-center\"><strong>Nos services pour la cr\u00e9ation d\u2019entreprise<\/strong><\/h3>\n\n\n\n<div class=\"wp-block-media-text is-stacked-on-mobile\"><figure class=\"wp-block-media-text__media\"><img loading=\"lazy\" decoding=\"async\" width=\"682\" height=\"1024\" src=\"http:\/\/tkgestion.com\/wp-content\/uploads\/2024\/12\/ai-generated-9126715_1280-682x1024.jpg\" alt=\"\" class=\"wp-image-42 size-full\" srcset=\"https:\/\/tkgestion.com\/wp-content\/uploads\/2024\/12\/ai-generated-9126715_1280-682x1024.jpg 682w, https:\/\/tkgestion.com\/wp-content\/uploads\/2024\/12\/ai-generated-9126715_1280-200x300.jpg 200w, https:\/\/tkgestion.com\/wp-content\/uploads\/2024\/12\/ai-generated-9126715_1280-768x1152.jpg 768w, https:\/\/tkgestion.com\/wp-content\/uploads\/2024\/12\/ai-generated-9126715_1280.jpg 853w\" sizes=\"auto, (max-width: 682px) 100vw, 682px\" \/><\/figure><div class=\"wp-block-media-text__content\">\n<p><strong>Choix de la structure juridique<\/strong> :<\/p>\n\n\n\n<ul class=\"wp-block-list\">\n<li>Identification de la forme juridique adapt\u00e9e \u00e0 votre projet : <strong>SARL<\/strong>, <strong>SA<\/strong>, <strong>SCS<\/strong>, ou autre.<\/li>\n\n\n\n<li>Conseil sur les implications fiscales, sociales et l\u00e9gales de chaque option.<\/li>\n<\/ul>\n\n\n\n<p><strong>Formalit\u00e9s administratives<\/strong> :<\/p>\n\n\n\n<ul class=\"wp-block-list\">\n<li>R\u00e9daction des <strong>statuts<\/strong> de votre soci\u00e9t\u00e9.<\/li>\n\n\n\n<li><strong>Immatriculation<\/strong> aupr\u00e8s du Registre de Commerce et des Soci\u00e9t\u00e9s (<strong>RCS<\/strong>).<\/li>\n\n\n\n<li>D\u00e9p\u00f4t du capital aupr\u00e8s d\u2019une banque luxembourgeoise.<\/li>\n<\/ul>\n\n\n\n<p><strong>Pr\u00e9visionnels financiers<\/strong> :<\/p>\n\n\n\n<ul class=\"wp-block-list\">\n<li>\u00c9laboration de <strong>business plans<\/strong> pour convaincre vos investisseurs ou partenaires financiers.<\/li>\n\n\n\n<li>Analyse financi\u00e8re pour valider la viabilit\u00e9 de votre projet.<\/li>\n<\/ul>\n\n\n\n<p><strong>Accompagnement post-cr\u00e9ation<\/strong> :<\/p>\n\n\n\n<ul class=\"wp-block-list\">\n<li>Suivi personnalis\u00e9 pour un <strong>lancement r\u00e9ussi<\/strong>.<\/li>\n\n\n\n<li>Conseils strat\u00e9giques et administratifs pour assurer le bon d\u00e9marrage de votre activit\u00e9.<\/li>\n<\/ul>\n\n\n\n<ol class=\"wp-block-list\"><\/ol>\n<\/div><\/div>\n\n\n\n<div style=\"height:15px\" aria-hidden=\"true\" class=\"wp-block-spacer\"><\/div>\n\n\n\n<h3 class=\"wp-block-heading\"><strong>Pourquoi choisir TK Gestion pour la cr\u00e9ation de votre entreprise au Luxembourg ?<\/strong><\/h3>\n\n\n\n<ul class=\"wp-block-list\">\n<li><strong>Expertise locale<\/strong> : Une parfaite ma\u00eetrise du cadre juridique, fiscal et administratif luxembourgeois.<\/li>\n\n\n\n<li><strong>Gain de temps et s\u00e9r\u00e9nit\u00e9<\/strong> : \u00c9vitez les pi\u00e8ges administratifs gr\u00e2ce \u00e0 un accompagnement sur mesure.<\/li>\n\n\n\n<li><strong>Solutions adapt\u00e9es<\/strong> : Des conseils personnalis\u00e9s pour maximiser vos chances de succ\u00e8s.<\/li>\n\n\n\n<li><strong>Accompagnement global<\/strong> : Une assistance compl\u00e8te, de la <strong>cr\u00e9ation<\/strong> \u00e0 la gestion de votre entreprise.<\/li>\n<\/ul>\n\n\n\n<h3 class=\"wp-block-heading\"><strong>D\u00e9marrez votre projet entrepreneurial avec succ\u00e8s<\/strong><\/h3>\n\n\n\n<p>Avec plus de <strong>15 ans d\u2019exp\u00e9rience<\/strong>, <strong>TK Gestion<\/strong> est votre partenaire id\u00e9al pour cr\u00e9er une entreprise au <strong>Luxembourg<\/strong> et r\u00e9ussir votre projet entrepreneurial.<\/p>\n\n\n\n<p><strong>Contactez-nous d\u00e8s aujourd\u2019hui<\/strong> pour b\u00e9n\u00e9ficier d\u2019un accompagnement personnalis\u00e9 et donner vie \u00e0 vos ambitions.<\/p>\n\n\n\n<div style=\"height:50px\" aria-hidden=\"true\" class=\"wp-block-spacer\"><\/div>\n\n\n\n<div class=\"wp-block-buttons is-content-justification-center is-layout-flex wp-container-core-buttons-is-layout-16018d1d wp-block-buttons-is-layout-flex\">\n<div class=\"wp-block-button\"><a class=\"wp-block-button__link has-text-color has-background has-link-color wp-element-button\" href=\"https:\/\/tkgestion.com\/\" style=\"color:#e6ad40;background-color:#006378\">Retour<\/a><\/div>\n<\/div>\n\n\n\n<div style=\"height:50px\" aria-hidden=\"true\" class=\"wp-block-spacer\"><\/div>\n","protected":false},"excerpt":{"rendered":"<p>Cr\u00e9ation de Soci\u00e9t\u00e9s Cr\u00e9er une entreprise au Luxembourg avec TK Gestion : votre partenaire de confiance Vous avez un projet entrepreneurial au Luxembourg ? TK Gestion vous accompagne \u00e0 chaque \u00e9tape de la cr\u00e9ation de votre entreprise, en vous offrant des solutions sur mesure, de l\u2019id\u00e9e initiale \u00e0 la mise en place administrative. Nos services&hellip;&nbsp;<a href=\"https:\/\/tkgestion.com\/index.php\/creation-de-societes\/\" rel=\"bookmark\">Read More &raquo;<span class=\"screen-reader-text\">Cr\u00e9ation de Soci\u00e9t\u00e9s<\/span><\/a><\/p>\n","protected":false},"author":1,"featured_media":0,"parent":0,"menu_order":0,"comment_status":"closed","ping_status":"closed","template":"","meta":{"neve_meta_sidebar":"","neve_meta_container":"","neve_meta_enable_content_width":"","neve_meta_content_width":0,"neve_meta_title_alignment":"","neve_meta_author_avatar":"","neve_post_elements_order":"","neve_meta_disable_header":"","neve_meta_disable_footer":"","neve_meta_disable_title":"on","footnotes":""},"class_list":["post-105","page","type-page","status-publish","hentry"],"yoast_head":"<!-- This site is optimized with the Yoast SEO plugin v27.3 - https:\/\/yoast.com\/product\/yoast-seo-wordpress\/ -->\n<title>Cr\u00e9ation de Soci\u00e9t\u00e9s - TK Gestion<\/title>\n<meta name=\"robots\" content=\"index, follow, max-snippet:-1, max-image-preview:large, max-video-preview:-1\" \/>\n<link rel=\"canonical\" href=\"https:\/\/tkgestion.com\/index.php\/creation-de-societes\/\" \/>\n<meta property=\"og:locale\" content=\"en_US\" \/>\n<meta property=\"og:type\" content=\"article\" \/>\n<meta property=\"og:title\" content=\"Cr\u00e9ation de Soci\u00e9t\u00e9s - TK Gestion\" \/>\n<meta property=\"og:description\" content=\"Cr\u00e9ation de Soci\u00e9t\u00e9s Cr\u00e9er une entreprise au Luxembourg avec TK Gestion : votre partenaire de confiance Vous avez un projet entrepreneurial au Luxembourg ? TK Gestion vous accompagne \u00e0 chaque \u00e9tape de la cr\u00e9ation de votre entreprise, en vous offrant des solutions sur mesure, de l\u2019id\u00e9e initiale \u00e0 la mise en place administrative. Nos services&hellip;&nbsp;Read More &raquo;Cr\u00e9ation de Soci\u00e9t\u00e9s\" \/>\n<meta property=\"og:url\" content=\"https:\/\/tkgestion.com\/index.php\/creation-de-societes\/\" \/>\n<meta property=\"og:site_name\" content=\"TK Gestion\" \/>\n<meta property=\"article:modified_time\" content=\"2025-01-08T16:54:08+00:00\" \/>\n<meta property=\"og:image\" content=\"https:\/\/tkgestion.com\/wp-content\/uploads\/2024\/12\/ai-generated-9126715_1280.jpg\" \/>\n\t<meta property=\"og:image:width\" content=\"853\" \/>\n\t<meta property=\"og:image:height\" content=\"1280\" \/>\n\t<meta property=\"og:image:type\" content=\"image\/jpeg\" \/>\n<meta name=\"twitter:card\" content=\"summary_large_image\" \/>\n<script type=\"application\/ld+json\" class=\"yoast-schema-graph\">{\"@context\":\"https:\\\/\\\/schema.org\",\"@graph\":[{\"@type\":\"WebPage\",\"@id\":\"https:\\\/\\\/tkgestion.com\\\/index.php\\\/creation-de-societes\\\/\",\"url\":\"https:\\\/\\\/tkgestion.com\\\/index.php\\\/creation-de-societes\\\/\",\"name\":\"Cr\u00e9ation de Soci\u00e9t\u00e9s - TK Gestion\",\"isPartOf\":{\"@id\":\"https:\\\/\\\/tkgestion.com\\\/#website\"},\"primaryImageOfPage\":{\"@id\":\"https:\\\/\\\/tkgestion.com\\\/index.php\\\/creation-de-societes\\\/#primaryimage\"},\"image\":{\"@id\":\"https:\\\/\\\/tkgestion.com\\\/index.php\\\/creation-de-societes\\\/#primaryimage\"},\"thumbnailUrl\":\"http:\\\/\\\/tkgestion.com\\\/wp-content\\\/uploads\\\/2024\\\/12\\\/ai-generated-9126715_1280-682x1024.jpg\",\"datePublished\":\"2024-12-18T14:42:58+00:00\",\"dateModified\":\"2025-01-08T16:54:08+00:00\",\"breadcrumb\":{\"@id\":\"https:\\\/\\\/tkgestion.com\\\/index.php\\\/creation-de-societes\\\/#breadcrumb\"},\"inLanguage\":\"en-US\",\"potentialAction\":[{\"@type\":\"ReadAction\",\"target\":[\"https:\\\/\\\/tkgestion.com\\\/index.php\\\/creation-de-societes\\\/\"]}]},{\"@type\":\"ImageObject\",\"inLanguage\":\"en-US\",\"@id\":\"https:\\\/\\\/tkgestion.com\\\/index.php\\\/creation-de-societes\\\/#primaryimage\",\"url\":\"https:\\\/\\\/tkgestion.com\\\/wp-content\\\/uploads\\\/2024\\\/12\\\/ai-generated-9126715_1280.jpg\",\"contentUrl\":\"https:\\\/\\\/tkgestion.com\\\/wp-content\\\/uploads\\\/2024\\\/12\\\/ai-generated-9126715_1280.jpg\",\"width\":853,\"height\":1280},{\"@type\":\"BreadcrumbList\",\"@id\":\"https:\\\/\\\/tkgestion.com\\\/index.php\\\/creation-de-societes\\\/#breadcrumb\",\"itemListElement\":[{\"@type\":\"ListItem\",\"position\":1,\"name\":\"Accueil\",\"item\":\"https:\\\/\\\/tkgestion.com\\\/\"},{\"@type\":\"ListItem\",\"position\":2,\"name\":\"Cr\u00e9ation de Soci\u00e9t\u00e9s\"}]},{\"@type\":\"WebSite\",\"@id\":\"https:\\\/\\\/tkgestion.com\\\/#website\",\"url\":\"https:\\\/\\\/tkgestion.com\\\/\",\"name\":\"TK Gestion\",\"description\":\"Votre partenaire en gestion, pour construire un avenir serein.\",\"publisher\":{\"@id\":\"https:\\\/\\\/tkgestion.com\\\/#organization\"},\"potentialAction\":[{\"@type\":\"SearchAction\",\"target\":{\"@type\":\"EntryPoint\",\"urlTemplate\":\"https:\\\/\\\/tkgestion.com\\\/?s={search_term_string}\"},\"query-input\":{\"@type\":\"PropertyValueSpecification\",\"valueRequired\":true,\"valueName\":\"search_term_string\"}}],\"inLanguage\":\"en-US\"},{\"@type\":\"Organization\",\"@id\":\"https:\\\/\\\/tkgestion.com\\\/#organization\",\"name\":\"TK Gestion S.\u00e0 r.l.\",\"url\":\"https:\\\/\\\/tkgestion.com\\\/\",\"logo\":{\"@type\":\"ImageObject\",\"inLanguage\":\"en-US\",\"@id\":\"https:\\\/\\\/tkgestion.com\\\/#\\\/schema\\\/logo\\\/image\\\/\",\"url\":\"https:\\\/\\\/tkgestion.com\\\/wp-content\\\/uploads\\\/2024\\\/12\\\/Logo_TK_Improved.png\",\"contentUrl\":\"https:\\\/\\\/tkgestion.com\\\/wp-content\\\/uploads\\\/2024\\\/12\\\/Logo_TK_Improved.png\",\"width\":236,\"height\":222,\"caption\":\"TK Gestion S.\u00e0 r.l.\"},\"image\":{\"@id\":\"https:\\\/\\\/tkgestion.com\\\/#\\\/schema\\\/logo\\\/image\\\/\"}}]}<\/script>\n<!-- \/ Yoast SEO plugin. -->","yoast_head_json":{"title":"Cr\u00e9ation de Soci\u00e9t\u00e9s - TK Gestion","robots":{"index":"index","follow":"follow","max-snippet":"max-snippet:-1","max-image-preview":"max-image-preview:large","max-video-preview":"max-video-preview:-1"},"canonical":"https:\/\/tkgestion.com\/index.php\/creation-de-societes\/","og_locale":"en_US","og_type":"article","og_title":"Cr\u00e9ation de Soci\u00e9t\u00e9s - TK Gestion","og_description":"Cr\u00e9ation de Soci\u00e9t\u00e9s Cr\u00e9er une entreprise au Luxembourg avec TK Gestion : votre partenaire de confiance Vous avez un projet entrepreneurial au Luxembourg ? TK Gestion vous accompagne \u00e0 chaque \u00e9tape de la cr\u00e9ation de votre entreprise, en vous offrant des solutions sur mesure, de l\u2019id\u00e9e initiale \u00e0 la mise en place administrative. Nos services&hellip;&nbsp;Read More &raquo;Cr\u00e9ation de Soci\u00e9t\u00e9s","og_url":"https:\/\/tkgestion.com\/index.php\/creation-de-societes\/","og_site_name":"TK Gestion","article_modified_time":"2025-01-08T16:54:08+00:00","og_image":[{"width":853,"height":1280,"url":"https:\/\/tkgestion.com\/wp-content\/uploads\/2024\/12\/ai-generated-9126715_1280.jpg","type":"image\/jpeg"}],"twitter_card":"summary_large_image","schema":{"@context":"https:\/\/schema.org","@graph":[{"@type":"WebPage","@id":"https:\/\/tkgestion.com\/index.php\/creation-de-societes\/","url":"https:\/\/tkgestion.com\/index.php\/creation-de-societes\/","name":"Cr\u00e9ation de Soci\u00e9t\u00e9s - TK Gestion","isPartOf":{"@id":"https:\/\/tkgestion.com\/#website"},"primaryImageOfPage":{"@id":"https:\/\/tkgestion.com\/index.php\/creation-de-societes\/#primaryimage"},"image":{"@id":"https:\/\/tkgestion.com\/index.php\/creation-de-societes\/#primaryimage"},"thumbnailUrl":"http:\/\/tkgestion.com\/wp-content\/uploads\/2024\/12\/ai-generated-9126715_1280-682x1024.jpg","datePublished":"2024-12-18T14:42:58+00:00","dateModified":"2025-01-08T16:54:08+00:00","breadcrumb":{"@id":"https:\/\/tkgestion.com\/index.php\/creation-de-societes\/#breadcrumb"},"inLanguage":"en-US","potentialAction":[{"@type":"ReadAction","target":["https:\/\/tkgestion.com\/index.php\/creation-de-societes\/"]}]},{"@type":"ImageObject","inLanguage":"en-US","@id":"https:\/\/tkgestion.com\/index.php\/creation-de-societes\/#primaryimage","url":"https:\/\/tkgestion.com\/wp-content\/uploads\/2024\/12\/ai-generated-9126715_1280.jpg","contentUrl":"https:\/\/tkgestion.com\/wp-content\/uploads\/2024\/12\/ai-generated-9126715_1280.jpg","width":853,"height":1280},{"@type":"BreadcrumbList","@id":"https:\/\/tkgestion.com\/index.php\/creation-de-societes\/#breadcrumb","itemListElement":[{"@type":"ListItem","position":1,"name":"Accueil","item":"https:\/\/tkgestion.com\/"},{"@type":"ListItem","position":2,"name":"Cr\u00e9ation de Soci\u00e9t\u00e9s"}]},{"@type":"WebSite","@id":"https:\/\/tkgestion.com\/#website","url":"https:\/\/tkgestion.com\/","name":"TK Gestion","description":"Votre partenaire en gestion, pour construire un avenir serein.","publisher":{"@id":"https:\/\/tkgestion.com\/#organization"},"potentialAction":[{"@type":"SearchAction","target":{"@type":"EntryPoint","urlTemplate":"https:\/\/tkgestion.com\/?s={search_term_string}"},"query-input":{"@type":"PropertyValueSpecification","valueRequired":true,"valueName":"search_term_string"}}],"inLanguage":"en-US"},{"@type":"Organization","@id":"https:\/\/tkgestion.com\/#organization","name":"TK Gestion S.\u00e0 r.l.","url":"https:\/\/tkgestion.com\/","logo":{"@type":"ImageObject","inLanguage":"en-US","@id":"https:\/\/tkgestion.com\/#\/schema\/logo\/image\/","url":"https:\/\/tkgestion.com\/wp-content\/uploads\/2024\/12\/Logo_TK_Improved.png","contentUrl":"https:\/\/tkgestion.com\/wp-content\/uploads\/2024\/12\/Logo_TK_Improved.png","width":236,"height":222,"caption":"TK Gestion S.\u00e0 r.l."},"image":{"@id":"https:\/\/tkgestion.com\/#\/schema\/logo\/image\/"}}]}},"_links":{"self":[{"href":"https:\/\/tkgestion.com\/index.php\/wp-json\/wp\/v2\/pages\/105","targetHints":{"allow":["GET"]}}],"collection":[{"href":"https:\/\/tkgestion.com\/index.php\/wp-json\/wp\/v2\/pages"}],"about":[{"href":"https:\/\/tkgestion.com\/index.php\/wp-json\/wp\/v2\/types\/page"}],"author":[{"embeddable":true,"href":"https:\/\/tkgestion.com\/index.php\/wp-json\/wp\/v2\/users\/1"}],"replies":[{"embeddable":true,"href":"https:\/\/tkgestion.com\/index.php\/wp-json\/wp\/v2\/comments?post=105"}],"version-history":[{"count":5,"href":"https:\/\/tkgestion.com\/index.php\/wp-json\/wp\/v2\/pages\/105\/revisions"}],"predecessor-version":[{"id":212,"href":"https:\/\/tkgestion.com\/index.php\/wp-json\/wp\/v2\/pages\/105\/revisions\/212"}],"wp:attachment":[{"href":"https:\/\/tkgestion.com\/index.php\/wp-json\/wp\/v2\/media?parent=105"}],"curies":[{"name":"wp","href":"https:\/\/api.w.org\/{rel}","templated":true}]}}